{"id":104,"date":"2012-09-29T14:59:50","date_gmt":"2012-09-29T12:59:50","guid":{"rendered":"http:\/\/kiskanizsa.plebania.hu\/?page_id=104"},"modified":"2024-09-29T15:34:57","modified_gmt":"2024-09-29T13:34:57","slug":"karitasz","status":"publish","type":"page","link":"https:\/\/kiskanizsa.plebania.hu\/?page_id=104","title":{"rendered":"Karit\u00e1sz"},"content":{"rendered":"\n<div class=\"wp-block-group\"><div class=\"wp-block-group__inner-container is-layout-flow wp-block-group-is-layout-flow\">\nSarl\u00f3s Boldogasszony Katolikus Karit\u00e1sz \nAlakult:  2009. \u00e9vben\nSz\u00e9khelye: Sarl\u00f3s Boldogasszony Katolikus Karit\u00e1sz\n                  Nagykanizsa, Templom t\u00e9r 5.  \n                  Email c\u00edme: tulman.gezane@gmail.com\nCsoportvezet\u0151:  Dr. Jo\u00f3s L\u00e1szl\u00f3n\u00e9 M\u00e1ria    2009. \u00e1prilis \u2013 2013.m\u00e1rcius\n                          Tulman G\u00e9z\u00e1n\u00e9   2013. \u00e1prilis &#8211;\nL\u00e9tsz\u00e1m:  24 f\u0151 tag\nCsoporton bel\u00fcl a legjelent\u0151sebb akci\u00f3k: \n&#8211;\tH\u00fasv\u00e9ti, kar\u00e1csonyi tart\u00f3s \u00e9lelmiszergy\u0171jt\u00e9s,\n&#8211;\tKar\u00e1csonyi gyertya \u00e9s aj\u00e1nd\u00e9kv\u00e1s\u00e1r, \n&#8211;\tGy\u0171jt\u0151doboz kihelyez\u00e9s a kiskanizsai Templom t\u00e9ri COOP ABC \u2013 ben.\nR\u00e1szorul\u00f3k t\u00e1mogat\u00e1sa:\n&#8211;\t\u00c9vente Szent Erzs\u00e9bet keny\u00e9r oszt\u00e1s a templomban,\n&#8211;\tSzeretetcsomag k\u00e9sz\u00edt\u00e9se h\u00fasv\u00e9t \u00e9s kar\u00e1csony kb. 30 \u2013 40 csomag.,\n&#8211;\tIskol\u00e1ztat\u00e1si t\u00e1mogat\u00e1s, ny\u00e1ri t\u00e1bor t\u00e1mogat\u00e1s, \n&#8211;\tBeteg gyermek sz\u00fcks\u00e9g szerinti t\u00e1mogat\u00e1sa, orvosi kezel\u00e9s k\u00f6lts\u00e9g\u00e9nek t\u00e1mogat\u00e1sa, gy\u00f3gyszer beszerz\u00e9s, higi\u00e9niai eszk\u00f6z\u00f6k beszerz\u00e9se, \n&#8211;\tVet\u0151mag \u00e9s b\u00e9res csepp oszt\u00e1s a r\u00e1szorul\u00f3k r\u00e9sz\u00e9re. \nLegjelent\u0151sebb seg\u00edts\u00e9gei k\u00f6z\u00e9 tartozik:\n&#8211;\tEgy \u00e1gyban fekv\u0151 beteg hozz\u00e1tartoz\u00f3i, az \u00e9l\u0151 gy\u00fcm\u00f6lcsf\u00e1kat v\u00e1gt\u00e1k ki, hogy t\u00fczelni tudjanak. A Karit\u00e1sz 1 aut\u00f3 t\u0171zif\u00e1t adom\u00e1nyozott, \u00e9s egy automata mos\u00f3g\u00e9pet vett nekik.\n&#8211;\tNagyon beteg gyermek \u00e9s csal\u00e1dj\u00e1nak anyagi t\u00e1mogat\u00e1sa.\n\nCaritas Hungarica-D\u00edj \n         Orsz\u00e1gos kit\u00fcntet\u00e9s a szervezet karit\u00e1sz tagjai r\u00e9sz\u00e9re. \n         D\u00edjazott: Kiskanizsai Sarl\u00f3s Boldogasszony Katolikus Karit\u00e1sz \n                         2018-ban    Tulman G\u00e9z\u00e1n\u00e9  csoportvezet\u0151\n                         2024-ben    Nagy J\u00f3zsefn\u00e9    tag\n<\/div><\/div>\n","protected":false},"excerpt":{"rendered":"","protected":false},"author":1,"featured_media":0,"parent":0,"menu_order":0,"comment_status":"closed","ping_status":"closed","template":"","meta":{"ngg_post_thumbnail":0,"footnotes":""},"class_list":["post-104","page","type-page","status-publish","hentry"],"_links":{"self":[{"href":"https:\/\/kiskanizsa.plebania.hu\/index.php?rest_route=\/wp\/v2\/pages\/104","targetHints":{"allow":["GET"]}}],"collection":[{"href":"https:\/\/kiskanizsa.plebania.hu\/index.php?rest_route=\/wp\/v2\/pages"}],"about":[{"href":"https:\/\/kiskanizsa.plebania.hu\/index.php?rest_route=\/wp\/v2\/types\/page"}],"author":[{"embeddable":true,"href":"https:\/\/kiskanizsa.plebania.hu\/index.php?rest_route=\/wp\/v2\/users\/1"}],"replies":[{"embeddable":true,"href":"https:\/\/kiskanizsa.plebania.hu\/index.php?rest_route=%2Fwp%2Fv2%2Fcomments&post=104"}],"version-history":[{"count":22,"href":"https:\/\/kiskanizsa.plebania.hu\/index.php?rest_route=\/wp\/v2\/pages\/104\/revisions"}],"predecessor-version":[{"id":8591,"href":"https:\/\/kiskanizsa.plebania.hu\/index.php?rest_route=\/wp\/v2\/pages\/104\/revisions\/8591"}],"wp:attachment":[{"href":"https:\/\/kiskanizsa.plebania.hu\/index.php?rest_route=%2Fwp%2Fv2%2Fmedia&parent=104"}],"curies":[{"name":"wp","href":"https:\/\/api.w.org\/{rel}","templated":true}]}}