{"id":121,"date":"2012-09-29T18:47:20","date_gmt":"2012-09-29T16:47:20","guid":{"rendered":"http:\/\/kiskanizsa.plebania.hu\/?page_id=121"},"modified":"2024-01-29T11:45:39","modified_gmt":"2024-01-29T10:45:39","slug":"liturgikus-esemenyek","status":"publish","type":"page","link":"https:\/\/kiskanizsa.plebania.hu\/?page_id=121","title":{"rendered":"Liturgikus igenapt\u00e1r"},"content":{"rendered":"\n<h2 class=\"wp-block-heading\">IGENAPT\u00c1R<br>2023. febru\u00e1r<\/h2>\n\n\n\n<hr class=\"wp-block-separator\"\/>\n\n\n\n<p>1. cs\u00fct\u00f6rt\u00f6k: <a href=\"https:\/\/igenaptar.katolikus.hu\/nap\/index.php?holnap=2024-02-01\">4. \u00e9vk\u00f6zi h\u00e9t cs\u00fct\u00f6rt\u00f6k<\/a><br><a href=\"https:\/\/igenaptar.katolikus.hu\/nap\/index.php?holnap=2024-02-01#masodikolv\">1Kir 2,1-4.10-12<\/a><a href=\"https:\/\/igenaptar.katolikus.hu\/nap\/index.php?holnap=2024-02-01#evangelium\">Mk 6,7-13<\/a><\/p>\n\n\n\n<p><strong>2. p\u00e9ntek: <a href=\"https:\/\/igenaptar.katolikus.hu\/nap\/index.php?holnap=2024-02-02\">Urunk bemutat\u00e1sa (Gyertyaszentel\u0151 Boldogasszony) \u2013 \u00dc<\/a><\/strong><br><a href=\"https:\/\/igenaptar.katolikus.hu\/nap\/index.php?holnap=2024-02-02\">Mal 3,1-4<\/a> &nbsp; <a href=\"https:\/\/igenaptar.katolikus.hu\/nap\/index.php?holnap=2024-02-02#masodikolv\">Zsid 2,14-18<\/a> &nbsp; <a href=\"https:\/\/igenaptar.katolikus.hu\/nap\/index.php?holnap=2024-02-02#evangelium\">Lk 2,22-40 r\u00f6videbb: Lk 2,22-32<\/a><\/p>\n\n\n\n<p>3. szombat: <a href=\"https:\/\/igenaptar.katolikus.hu\/nap\/index.php?holnap=2024-02-03\">4. \u00e9vk\u00f6zi h\u00e9t szombat<\/a><br><a href=\"https:\/\/igenaptar.katolikus.hu\/nap\/index.php?holnap=2024-02-03#masodikolv\">1Kir 3,4-13<\/a> &nbsp; <a href=\"https:\/\/igenaptar.katolikus.hu\/nap\/index.php?holnap=2024-02-03#evangelium\">Mk 6,30-34<\/a><br>V\u00e1laszthat\u00f3 eml\u00e9knap : <a href=\"https:\/\/igenaptar.katolikus.hu\/szentek\/?holnap=2024-02-03\">Szent Bal\u00e1zs p\u00fcsp\u00f6k \u00e9s v\u00e9rtan\u00fa<\/a><br>V\u00e1laszthat\u00f3 eml\u00e9knap : <a href=\"https:\/\/igenaptar.katolikus.hu\/szentek\/?holnap=2024-02-03\">Szent Anszg\u00e1r (Oszk\u00e1r) p\u00fcsp\u00f6k<\/a><br><\/p>\n\n\n\n<p><strong>4. vas\u00e1rnap: <a href=\"https:\/\/igenaptar.katolikus.hu\/nap\/index.php?holnap=2024-02-04\">\u00c9vk\u00f6zi 5. vas\u00e1rnap<\/a><\/strong><br><a href=\"https:\/\/igenaptar.katolikus.hu\/nap\/index.php?holnap=2024-02-04\">J\u00f3b 7,1-4.6-7<\/a> &nbsp; <a href=\"https:\/\/igenaptar.katolikus.hu\/nap\/index.php?holnap=2024-02-04#masodikolv\">1Kor 9,16-19.22-23<\/a> &nbsp; &nbsp; <a href=\"https:\/\/igenaptar.katolikus.hu\/nap\/index.php?holnap=2024-02-04#evangelium\">Mk 1,29-39<\/a><\/p>\n\n\n\n<p>5. h\u00e9tf\u0151: <a href=\"https:\/\/igenaptar.katolikus.hu\/nap\/index.php?holnap=2024-02-05\">5. \u00e9vk\u00f6zi h\u00e9t h\u00e9tf\u0151<\/a><br><a href=\"https:\/\/igenaptar.katolikus.hu\/nap\/index.php?holnap=2024-02-05#masodikolv\">1Kir 8,1-7.9-13<\/a> &nbsp; <a href=\"https:\/\/igenaptar.katolikus.hu\/nap\/index.php?holnap=2024-02-05#evangelium\">Mk 6,53-56<\/a><br>Eml\u00e9knap: <a href=\"https:\/\/igenaptar.katolikus.hu\/szentek\/?holnap=2024-02-05\">Szent \u00c1gota sz\u0171z \u00e9s v\u00e9rtan\u00fa<\/a><br><\/p>\n\n\n\n<p>6. kedd: <a href=\"https:\/\/igenaptar.katolikus.hu\/nap\/index.php?holnap=2024-02-06\">5. \u00e9vk\u00f6zi h\u00e9t kedd<\/a><br><a href=\"https:\/\/igenaptar.katolikus.hu\/nap\/index.php?holnap=2024-02-06#masodikolv\">1Kir 8,22-23.27-30<\/a> &nbsp; <a href=\"https:\/\/igenaptar.katolikus.hu\/nap\/index.php?holnap=2024-02-06#evangelium\">Mk 7,1-13<\/a><br>Eml\u00e9knap: <a href=\"https:\/\/igenaptar.katolikus.hu\/szentek\/?holnap=2024-02-06\">Miki Szent P\u00e1l \u00e9s t\u00e1rsai v\u00e9rtan\u00fak<\/a><br><\/p>\n\n\n\n<p>7. szerda: <a href=\"https:\/\/igenaptar.katolikus.hu\/nap\/index.php?holnap=2024-02-07\">5. \u00e9vk\u00f6zi h\u00e9t szerda<\/a><br><a href=\"https:\/\/igenaptar.katolikus.hu\/nap\/index.php?holnap=2024-02-07#masodikolv\">1Kir 10,1-10<\/a> &nbsp; <a href=\"https:\/\/igenaptar.katolikus.hu\/nap\/index.php?holnap=2024-02-07#evangelium\">Mk 7,14-23<\/a><\/p>\n\n\n\n<p>8. cs\u00fct\u00f6rt\u00f6k: <a href=\"https:\/\/igenaptar.katolikus.hu\/nap\/index.php?holnap=2024-02-08\">5. \u00e9vk\u00f6zi h\u00e9t cs\u00fct\u00f6rt\u00f6k<\/a><br><a href=\"https:\/\/igenaptar.katolikus.hu\/nap\/index.php?holnap=2024-02-08#masodikolv\">1Kir 11,4-13<\/a> &nbsp; <a href=\"https:\/\/igenaptar.katolikus.hu\/nap\/index.php?holnap=2024-02-08#evangelium\">Mk 7,24-30<\/a><br>V\u00e1laszthat\u00f3 eml\u00e9knap : <a href=\"https:\/\/igenaptar.katolikus.hu\/szentek\/?holnap=2024-02-08\">Emili\u00e1ni Szent Jeromos hitvall\u00f3<\/a><br>V\u00e1laszthat\u00f3 eml\u00e9knap : <a href=\"https:\/\/igenaptar.katolikus.hu\/szentek\/?holnap=2024-02-08\">Bakhita Szent Jozefina Sz\u0171z<\/a><br><\/p>\n\n\n\n<p>9. p\u00e9ntek: <a href=\"https:\/\/igenaptar.katolikus.hu\/nap\/index.php?holnap=2024-02-09\">5. \u00e9vk\u00f6zi h\u00e9t p\u00e9ntek<\/a><br><a href=\"https:\/\/igenaptar.katolikus.hu\/nap\/index.php?holnap=2024-02-09#masodikolv\">1Kir 11,29-32;12,19<\/a> &nbsp; <a href=\"https:\/\/igenaptar.katolikus.hu\/nap\/index.php?holnap=2024-02-09#evangelium\">Mk 7,31-37<\/a><\/p>\n\n\n\n<p>10. szombat: <a href=\"https:\/\/igenaptar.katolikus.hu\/nap\/index.php?holnap=2024-02-10\">5. \u00e9vk\u00f6zi h\u00e9t szombat<\/a><br><a href=\"https:\/\/igenaptar.katolikus.hu\/nap\/index.php?holnap=2024-02-10#masodikolv\">1Kir 12,26-32;13,33-34<\/a> &nbsp; <a href=\"https:\/\/igenaptar.katolikus.hu\/nap\/index.php?holnap=2024-02-10#evangelium\">Mk 8,1-10<\/a><br>Eml\u00e9knap: <a href=\"https:\/\/igenaptar.katolikus.hu\/szentek\/?holnap=2024-02-10\">Szent Skolasztika sz\u0171z<\/a><br><\/p>\n\n\n\n<p><strong>11. vas\u00e1rnap: <a href=\"https:\/\/igenaptar.katolikus.hu\/nap\/index.php?holnap=2024-02-11\">\u00c9vk\u00f6zi 6. vas\u00e1rnap<\/a><\/strong><br><a href=\"https:\/\/igenaptar.katolikus.hu\/nap\/index.php?holnap=2024-02-11\">Lev 13,1-2.44-46<\/a> &nbsp; <a href=\"https:\/\/igenaptar.katolikus.hu\/nap\/index.php?holnap=2024-02-11#masodikolv\">1Kor 10,31\u201311,1<\/a> &nbsp; &nbsp; <a href=\"https:\/\/igenaptar.katolikus.hu\/nap\/index.php?holnap=2024-02-11#evangelium\">Mk 1,40-45<\/a><\/p>\n\n\n\n<p>12. h\u00e9tf\u0151: <a href=\"https:\/\/igenaptar.katolikus.hu\/nap\/index.php?holnap=2024-02-12\">6. \u00e9vk\u00f6zi h\u00e9t h\u00e9tf\u0151<\/a><br><a href=\"https:\/\/igenaptar.katolikus.hu\/nap\/index.php?holnap=2024-02-12#masodikolv\">Jak 1,1-11<\/a> &nbsp; <a href=\"https:\/\/igenaptar.katolikus.hu\/nap\/index.php?holnap=2024-02-12#evangelium\">Mk 8,11-13<\/a><\/p>\n\n\n\n<p>13. kedd: <a href=\"https:\/\/igenaptar.katolikus.hu\/nap\/index.php?holnap=2024-02-13\">6. \u00e9vk\u00f6zi h\u00e9t kedd<\/a><br><a href=\"https:\/\/igenaptar.katolikus.hu\/nap\/index.php?holnap=2024-02-13#masodikolv\">Jak 1,12-18<\/a> &nbsp; <a href=\"https:\/\/igenaptar.katolikus.hu\/nap\/index.php?holnap=2024-02-13#evangelium\">Mk 8,14-21<\/a><\/p>\n\n\n\n<p><strong>14. szerda: <a href=\"https:\/\/igenaptar.katolikus.hu\/nap\/index.php?holnap=2024-02-14\">Hamvaz\u00f3szerda<\/a><\/strong><br><a href=\"https:\/\/igenaptar.katolikus.hu\/nap\/index.php?holnap=2024-02-14\">Joel 2,12-18<\/a> &nbsp; <a href=\"https:\/\/igenaptar.katolikus.hu\/nap\/index.php?holnap=2024-02-14#masodikolv\">2Kor 5,20\u20136,2<\/a> &nbsp; &nbsp; <a href=\"https:\/\/igenaptar.katolikus.hu\/nap\/index.php?holnap=2024-02-14#evangelium\">Mt 6,1-6.16-18<\/a><\/p>\n\n\n\n<p>15. cs\u00fct\u00f6rt\u00f6k: <a href=\"https:\/\/igenaptar.katolikus.hu\/nap\/index.php?holnap=2024-02-15\">Cs\u00fct\u00f6rt\u00f6k hamvaz\u00f3szerda ut\u00e1n<\/a><br><a href=\"https:\/\/igenaptar.katolikus.hu\/nap\/index.php?holnap=2024-02-15\">MT\u00f6rv 30,15-20<\/a> &nbsp; &nbsp; &nbsp; <a href=\"https:\/\/igenaptar.katolikus.hu\/nap\/index.php?holnap=2024-02-15#evangelium\">Lk 9,22-25<\/a><\/p>\n\n\n\n<p>16. p\u00e9ntek: <a href=\"https:\/\/igenaptar.katolikus.hu\/nap\/index.php?holnap=2024-02-16\">P\u00e9ntek hamvaz\u00f3szerda ut\u00e1n<\/a><br><a href=\"https:\/\/igenaptar.katolikus.hu\/nap\/index.php?holnap=2024-02-16\">Iz 58,1-9a<\/a> &nbsp; &nbsp; &nbsp; <a href=\"https:\/\/igenaptar.katolikus.hu\/nap\/index.php?holnap=2024-02-16#evangelium\">Mt 9,14-15<\/a><\/p>\n\n\n\n<p>17. szombat: <a href=\"https:\/\/igenaptar.katolikus.hu\/nap\/index.php?holnap=2024-02-17\">Szombat hamvaz\u00f3szerda ut\u00e1n<\/a><br><a href=\"https:\/\/igenaptar.katolikus.hu\/nap\/index.php?holnap=2024-02-17\">Iz 58,9b-14<\/a> &nbsp; &nbsp; &nbsp; <a href=\"https:\/\/igenaptar.katolikus.hu\/nap\/index.php?holnap=2024-02-17#evangelium\">Lk 5,27-32<\/a><br>V\u00e1laszthat\u00f3 eml\u00e9knap : <a href=\"https:\/\/igenaptar.katolikus.hu\/szentek\/?holnap=2024-02-17\">A Szervita rend h\u00e9t szent alap\u00edt\u00f3ja<\/a><br><\/p>\n\n\n\n<p><strong>18. vas\u00e1rnap: <a href=\"https:\/\/igenaptar.katolikus.hu\/nap\/index.php?holnap=2024-02-18\">Nagyb\u00f6jt 1. vas\u00e1rnap<\/a><\/strong><br><a href=\"https:\/\/igenaptar.katolikus.hu\/nap\/index.php?holnap=2024-02-18\">Ter 9,8-15<\/a> &nbsp; <a href=\"https:\/\/igenaptar.katolikus.hu\/nap\/index.php?holnap=2024-02-18#masodikolv\">1P\u00e9t 3,18-22<\/a> &nbsp; &nbsp; <a href=\"https:\/\/igenaptar.katolikus.hu\/nap\/index.php?holnap=2024-02-18#evangelium\">Mk 1,12-15<\/a><\/p>\n\n\n\n<p>19. h\u00e9tf\u0151: <a href=\"https:\/\/igenaptar.katolikus.hu\/nap\/index.php?holnap=2024-02-19\">1. nagyb\u00f6jti h\u00e9t h\u00e9tf\u0151<\/a><br><a href=\"https:\/\/igenaptar.katolikus.hu\/nap\/index.php?holnap=2024-02-19\">Lev 19,1-2.11-18<\/a> &nbsp; &nbsp; &nbsp; <a href=\"https:\/\/igenaptar.katolikus.hu\/nap\/index.php?holnap=2024-02-19#evangelium\">Mt 25,31-46<\/a><\/p>\n\n\n\n<p>20. kedd: <a href=\"https:\/\/igenaptar.katolikus.hu\/nap\/index.php?holnap=2024-02-20\">1. nagyb\u00f6jti h\u00e9t kedd<\/a><br><a href=\"https:\/\/igenaptar.katolikus.hu\/nap\/index.php?holnap=2024-02-20\">Iz 55,10-11<\/a> &nbsp; &nbsp; &nbsp; <a href=\"https:\/\/igenaptar.katolikus.hu\/nap\/index.php?holnap=2024-02-20#evangelium\">Mt 6,7-15<\/a><\/p>\n\n\n\n<p>21. szerda: <a href=\"https:\/\/igenaptar.katolikus.hu\/nap\/index.php?holnap=2024-02-21\">1. nagyb\u00f6jti h\u00e9t szerda<\/a><br><a href=\"https:\/\/igenaptar.katolikus.hu\/nap\/index.php?holnap=2024-02-21\">J\u00f3n 3,1-10<\/a> &nbsp; &nbsp; &nbsp; <a href=\"https:\/\/igenaptar.katolikus.hu\/nap\/index.php?holnap=2024-02-21#evangelium\">Lk 11,29-32<\/a><br>V\u00e1laszthat\u00f3 eml\u00e9knap : <a href=\"https:\/\/igenaptar.katolikus.hu\/szentek\/?holnap=2024-02-21\">Dami\u00e1ni Szent P\u00e9ter p\u00fcsp\u00f6k \u00e9s egyh\u00e1ztan\u00edt\u00f3<\/a><br><br>22. cs\u00fct\u00f6rt\u00f6k: <a href=\"https:\/\/igenaptar.katolikus.hu\/nap\/index.php?holnap=2024-02-22\">Szent P\u00e9ter apostol sz\u00e9kfoglal\u00e1sa \u2013 \u00dc<\/a><br><a href=\"https:\/\/igenaptar.katolikus.hu\/nap\/index.php?holnap=2024-02-22\">1P\u00e9t 5,1-4<\/a> &nbsp; <a href=\"https:\/\/igenaptar.katolikus.hu\/nap\/index.php?holnap=2024-02-22#evangelium\">Mt 16,13-19<\/a><\/p>\n\n\n\n<p>23. p\u00e9ntek: <a href=\"https:\/\/igenaptar.katolikus.hu\/nap\/index.php?holnap=2024-02-23\">1. nagyb\u00f6jti h\u00e9t p\u00e9ntek<\/a><br><a href=\"https:\/\/igenaptar.katolikus.hu\/nap\/index.php?holnap=2024-02-23\">Ez 18,21-28<\/a> &nbsp; &nbsp; &nbsp; <a href=\"https:\/\/igenaptar.katolikus.hu\/nap\/index.php?holnap=2024-02-23#evangelium\">Mt 5,20-26<\/a><br>Eml\u00e9knap: <a href=\"https:\/\/igenaptar.katolikus.hu\/szentek\/?holnap=2024-02-23\">Szent Polik\u00e1rp p\u00fcsp\u00f6k \u00e9s v\u00e9rtan\u00fa<\/a><br><br>24. szombat: <a href=\"https:\/\/igenaptar.katolikus.hu\/nap\/index.php?holnap=2024-02-24\">Szent M\u00e1ty\u00e1s apostol \u2013 \u00dc<\/a><br><a href=\"https:\/\/igenaptar.katolikus.hu\/nap\/index.php?holnap=2024-02-24\">ApCsel 1,15-17.20-26<\/a> &nbsp; <a href=\"https:\/\/igenaptar.katolikus.hu\/nap\/index.php?holnap=2024-02-24#evangelium\">Jn 15,9-17<\/a><\/p>\n\n\n\n<p><strong>25. vas\u00e1rnap: <a href=\"https:\/\/igenaptar.katolikus.hu\/nap\/index.php?holnap=2024-02-25\">Nagyb\u00f6jt 2. vas\u00e1rnap<\/a><\/strong><br><a href=\"https:\/\/igenaptar.katolikus.hu\/nap\/index.php?holnap=2024-02-25\">Ter 22,1-2.9a.10-13.15-18<\/a> &nbsp; <a href=\"https:\/\/igenaptar.katolikus.hu\/nap\/index.php?holnap=2024-02-25#masodikolv\">R\u00f3m 8,31b-34<\/a> &nbsp; &nbsp; <a href=\"https:\/\/igenaptar.katolikus.hu\/nap\/index.php?holnap=2024-02-25#evangelium\">Mk 9,2-10<\/a><\/p>\n\n\n\n<p>26. h\u00e9tf\u0151: <a href=\"https:\/\/igenaptar.katolikus.hu\/nap\/index.php?holnap=2024-02-26\">2. nagyb\u00f6jti h\u00e9t h\u00e9tf\u0151<\/a><br><a href=\"https:\/\/igenaptar.katolikus.hu\/nap\/index.php?holnap=2024-02-26\">D\u00e1n 9,4b-10<\/a> &nbsp; &nbsp; &nbsp; <a href=\"https:\/\/igenaptar.katolikus.hu\/nap\/index.php?holnap=2024-02-26#evangelium\">Lk 6,36-38<\/a><\/p>\n\n\n\n<p>27. kedd: <a href=\"https:\/\/igenaptar.katolikus.hu\/nap\/index.php?holnap=2024-02-27\">2. nagyb\u00f6jti h\u00e9t kedd<\/a><br><a href=\"https:\/\/igenaptar.katolikus.hu\/nap\/index.php?holnap=2024-02-27\">Iz 1,10.16-20<\/a> &nbsp; &nbsp; &nbsp; <a href=\"https:\/\/igenaptar.katolikus.hu\/nap\/index.php?holnap=2024-02-27#evangelium\">Mt 23,1-12<\/a><\/p>\n\n\n\n<p>28. szerda: <a href=\"https:\/\/igenaptar.katolikus.hu\/nap\/index.php?holnap=2024-02-28\">2. nagyb\u00f6jti h\u00e9t szerda<\/a><br><a href=\"https:\/\/igenaptar.katolikus.hu\/nap\/index.php?holnap=2024-02-28\">Jer 18,18-20<\/a> &nbsp; &nbsp; &nbsp; <a href=\"https:\/\/igenaptar.katolikus.hu\/nap\/index.php?holnap=2024-02-28#evangelium\">Mt 20,17-28<\/a><\/p>\n\n\n\n<p>29. cs\u00fct\u00f6rt\u00f6k: <a href=\"https:\/\/igenaptar.katolikus.hu\/nap\/index.php?holnap=2024-02-29\">2. nagyb\u00f6jti h\u00e9t cs\u00fct\u00f6rt\u00f6k<\/a><br><a href=\"https:\/\/igenaptar.katolikus.hu\/nap\/index.php?holnap=2024-02-29\">Jer 17,5-10<\/a> &nbsp; &nbsp; &nbsp; <a href=\"https:\/\/igenaptar.katolikus.hu\/nap\/index.php?holnap=2024-02-29#evangelium\">Lk 16,19-31<\/a><\/p>\n\n\n\n<p><br><br><br><\/p>\n\n\n<p>&nbsp;<\/p>\n<p>&nbsp;<\/p>\n<p>&nbsp;<\/p>\n<p style=\"text-align: center;\"><strong>&nbsp;<\/strong><\/p>\n<div>&nbsp;<\/div>\n<p style=\"text-align: center;\"><img loading=\"lazy\" decoding=\"async\" class=\"aligncenter\" src=\"http:\/\/4.bp.blogspot.com\/-zFti4Tqa7eA\/UVQsFyTL6ZI\/AAAAAAAAMiQ\/m4AcqddaWeo\/s1600\/Oltariszents%C3%A9g+felmutat%C3%A1s.jpg\" alt=\"K\u00e9ptal\u00e1lat a k\u00f6vetkez\u0151re: \u201eolt\u00e1riszents\u00e9g\u201d\" width=\"213\" height=\"336\"><\/p>\n<h3 style=\"text-align: center; margin-top: 40px; margin-bottom: 10px;\">\u00d3, fogyhatatlan, csod\u00e1latos \u00e9r!<br>H\u00f3pehely, ostya, cs\u00f6pp b\u00fazakeny\u00e9r.<br>Benne, l\u00e1sd, az \u00e9des \u00dar<br>T\u00e9ged szomjaz, r\u00e1d borul,<br>Egy vil\u00e1ggal \u00e9r fel.<\/h3>\n<h3 style=\"text-align: center; margin-top: 40px; margin-bottom: 10px;\">&nbsp;<img decoding=\"async\" src=\"https:\/\/encrypted-tbn1.gstatic.com\/images?q=tbn:ANd9GcSs8r_SaB1cl4Qqx7sJ-qSLgp9S4wZrB702UEP_HT_awOmRNW8BQQ\" alt=\"K\u00e9ptal\u00e1lat a k\u00f6vetkez\u0151re: \u201eszent\u00e1ldoz\u00e1s\u201d\"><\/h3>\n<p style=\"text-align: center;\">&nbsp;<img loading=\"lazy\" decoding=\"async\" class=\"aligncenter\" src=\"https:\/\/static1.squarespace.com\/static\/531e76fce4b0fd769ded2299\/t\/5748a68f04426269f1c99102\/1464379065234\/\" alt=\"Kapcsol\u00f3d\u00f3 k\u00e9p\" width=\"322\" height=\"400\"><\/p>\n<p>&nbsp;<\/p>\n\n\n<p><\/p>\n","protected":false},"excerpt":{"rendered":"<p>IGENAPT\u00c1R2023. febru\u00e1r 1. cs\u00fct\u00f6rt\u00f6k: 4. \u00e9vk\u00f6zi h\u00e9t cs\u00fct\u00f6rt\u00f6k1Kir 2,1-4.10-12Mk 6,7-13 2. p\u00e9ntek: Urunk bemutat\u00e1sa (Gyertyaszentel\u0151 Boldogasszony) \u2013 \u00dcMal 3,1-4 &nbsp; Zsid 2,14-18 &nbsp; Lk 2,22-40 r\u00f6videbb: Lk 2,22-32 3. szombat: 4. \u00e9vk\u00f6zi h\u00e9t szombat1Kir 3,4-13 &nbsp; Mk 6,30-34V\u00e1laszthat\u00f3 eml\u00e9knap : Szent Bal\u00e1zs p\u00fcsp\u00f6k \u00e9s v\u00e9rtan\u00faV\u00e1laszthat\u00f3 eml\u00e9knap : Szent Anszg\u00e1r (Oszk\u00e1r) p\u00fcsp\u00f6k 4. vas\u00e1rnap: \u00c9vk\u00f6zi 5&#8230;.&nbsp;(<a href=\"https:\/\/kiskanizsa.plebania.hu\/?page_id=121\">Tov\u00e1bb<\/a>)<\/p>\n","protected":false},"author":1,"featured_media":0,"parent":0,"menu_order":0,"comment_status":"closed","ping_status":"closed","template":"","meta":{"ngg_post_thumbnail":0,"footnotes":""},"class_list":["post-121","page","type-page","status-publish","hentry"],"_links":{"self":[{"href":"https:\/\/kiskanizsa.plebania.hu\/index.php?rest_route=\/wp\/v2\/pages\/121","targetHints":{"allow":["GET"]}}],"collection":[{"href":"https:\/\/kiskanizsa.plebania.hu\/index.php?rest_route=\/wp\/v2\/pages"}],"about":[{"href":"https:\/\/kiskanizsa.plebania.hu\/index.php?rest_route=\/wp\/v2\/types\/page"}],"author":[{"embeddable":true,"href":"https:\/\/kiskanizsa.plebania.hu\/index.php?rest_route=\/wp\/v2\/users\/1"}],"replies":[{"embeddable":true,"href":"https:\/\/kiskanizsa.plebania.hu\/index.php?rest_route=%2Fwp%2Fv2%2Fcomments&post=121"}],"version-history":[{"count":429,"href":"https:\/\/kiskanizsa.plebania.hu\/index.php?rest_route=\/wp\/v2\/pages\/121\/revisions"}],"predecessor-version":[{"id":8455,"href":"https:\/\/kiskanizsa.plebania.hu\/index.php?rest_route=\/wp\/v2\/pages\/121\/revisions\/8455"}],"wp:attachment":[{"href":"https:\/\/kiskanizsa.plebania.hu\/index.php?rest_route=%2Fwp%2Fv2%2Fmedia&parent=121"}],"curies":[{"name":"wp","href":"https:\/\/api.w.org\/{rel}","templated":true}]}}