{"id":1500,"date":"2012-11-01T20:21:55","date_gmt":"2012-11-01T19:21:55","guid":{"rendered":"http:\/\/kiskanizsa.plebania.hu\/?page_id=1500"},"modified":"2012-11-01T20:22:20","modified_gmt":"2012-11-01T19:22:20","slug":"adventi-o-antfonak","status":"publish","type":"page","link":"https:\/\/kiskanizsa.plebania.hu\/?page_id=1500","title":{"rendered":"Adventi \u00d3 antf\u00f3n\u00e1k"},"content":{"rendered":"<p><input class=\"vissza_gomb\" style=\"display: inline-block; width: 100%; \" type=\"button\" onclick=\"window.open('index.php?page_id=685','_self');\" value=\"Vissza\"><br \/>\n[jwplayer config=&#8221;zeneLejatszo_leirasos&#8221; playlistid=&#8221;953&#8243;]<br \/>\n<input class=\"vissza_gomb\" style=\"display: inline-block; width: 100%; \" type=\"button\" onclick=\"window.open('index.php?page_id=685','_self');\" value=\"Vissza\"><\/p>\n","protected":false},"excerpt":{"rendered":"<p>[jwplayer config=&#8221;zeneLejatszo_leirasos&#8221; playlistid=&#8221;953&#8243;]<\/p>\n","protected":false},"author":1,"featured_media":0,"parent":0,"menu_order":0,"comment_status":"closed","ping_status":"closed","template":"","meta":{"ngg_post_thumbnail":0,"footnotes":""},"class_list":["post-1500","page","type-page","status-publish","hentry"],"_links":{"self":[{"href":"https:\/\/kiskanizsa.plebania.hu\/index.php?rest_route=\/wp\/v2\/pages\/1500","targetHints":{"allow":["GET"]}}],"collection":[{"href":"https:\/\/kiskanizsa.plebania.hu\/index.php?rest_route=\/wp\/v2\/pages"}],"about":[{"href":"https:\/\/kiskanizsa.plebania.hu\/index.php?rest_route=\/wp\/v2\/types\/page"}],"author":[{"embeddable":true,"href":"https:\/\/kiskanizsa.plebania.hu\/index.php?rest_route=\/wp\/v2\/users\/1"}],"replies":[{"embeddable":true,"href":"https:\/\/kiskanizsa.plebania.hu\/index.php?rest_route=%2Fwp%2Fv2%2Fcomments&post=1500"}],"version-history":[{"count":2,"href":"https:\/\/kiskanizsa.plebania.hu\/index.php?rest_route=\/wp\/v2\/pages\/1500\/revisions"}],"predecessor-version":[{"id":1503,"href":"https:\/\/kiskanizsa.plebania.hu\/index.php?rest_route=\/wp\/v2\/pages\/1500\/revisions\/1503"}],"wp:attachment":[{"href":"https:\/\/kiskanizsa.plebania.hu\/index.php?rest_route=%2Fwp%2Fv2%2Fmedia&parent=1500"}],"curies":[{"name":"wp","href":"https:\/\/api.w.org\/{rel}","templated":true}]}}