{"id":478,"date":"2012-10-13T13:57:37","date_gmt":"2012-10-13T11:57:37","guid":{"rendered":"http:\/\/kiskanizsa.plebania.hu\/?page_id=478"},"modified":"2025-04-27T13:28:08","modified_gmt":"2025-04-27T11:28:08","slug":"heti-miserend","status":"publish","type":"page","link":"https:\/\/kiskanizsa.plebania.hu\/?page_id=478","title":{"rendered":"Heti miserend"},"content":{"rendered":"<p>&nbsp;<\/p>\n<table style=\"height: 1062px;\" width=\"573\">\n<tbody>\n<tr>\n<td width=\"102\">\u00c1prilis<\/td>\n<td width=\"57\">28.<\/td>\n<td width=\"88\">H\u00e9tf\u0151<\/td>\n<td width=\"80\">07.00<\/td>\n<td width=\"59\">\u00f3ra<\/td>\n<td colspan=\"2\">+ L\u00e1szl\u00f3 \u00e9<\/td>\n<\/tr>\n<tr>\n<td width=\"102\">&nbsp;<\/td>\n<td width=\"57\">&nbsp;<\/td>\n<td colspan=\"5\" width=\"530\">&nbsp; &nbsp; &nbsp; &nbsp; &nbsp; &nbsp; &nbsp; &nbsp; &nbsp; &nbsp;<\/td>\n<\/tr>\n<tr>\n<td width=\"102\">&nbsp;<\/td>\n<td width=\"57\">&nbsp;<\/td>\n<td width=\"88\">&nbsp;<\/td>\n<td width=\"80\">&nbsp;<\/td>\n<td width=\"59\">&nbsp;<\/td>\n<td colspan=\"2\">&nbsp;<\/td>\n<\/tr>\n<tr>\n<td width=\"102\">&nbsp;<\/td>\n<td width=\"57\">&nbsp;<\/td>\n<td width=\"88\">&nbsp;<\/td>\n<td width=\"80\">&nbsp;<\/td>\n<td width=\"59\">&nbsp;<\/td>\n<td colspan=\"2\">&nbsp;<\/td>\n<\/tr>\n<tr>\n<td width=\"102\">\u00c1prilis<\/td>\n<td width=\"57\">29.<\/td>\n<td width=\"88\">&nbsp;Kedd<\/td>\n<td width=\"80\">07.00<\/td>\n<td width=\"59\">\u00f3ra&nbsp;<\/td>\n<td colspan=\"2\">&nbsp;+ Ferenc \u00e9s Roz\u00e1lia sz\u00fcl\u0151k&nbsp; \u00e9<\/td>\n<\/tr>\n<tr>\n<td width=\"102\">&nbsp;<\/td>\n<td width=\"57\">&nbsp;<\/td>\n<td width=\"88\">&nbsp;<\/td>\n<td colspan=\"4\" width=\"445\">07.45&nbsp; &nbsp; &nbsp; &nbsp;\u00f3ra&nbsp; &nbsp; + J\u00e1ger Ern\u0151 Gyula temet\u00e9si gy<\/td>\n<\/tr>\n<tr>\n<td width=\"102\">&nbsp;<\/td>\n<td width=\"57\">&nbsp;<\/td>\n<td width=\"88\">&nbsp;<\/td>\n<td width=\"80\">08.30<\/td>\n<td width=\"59\">\u00f3ra<\/td>\n<td colspan=\"2\">+ Kunics Ferencn\u00e9 Kov\u00e1cs \u00c1gnes temet\u00e9si gy&nbsp;<\/td>\n<\/tr>\n<tr>\n<td width=\"102\">\u00c1prilis<\/td>\n<td width=\"57\">30.<\/td>\n<td width=\"88\">Szerda<\/td>\n<td colspan=\"3\">&nbsp;&#8212;&#8212;&#8212;&#8212;&#8212;&#8212;&#8212;&#8212;&#8212;&#8212;&#8212;&#8212;&#8212;&#8212;<\/td>\n<\/tr>\n<tr>\n<td width=\"102\">M\u00e1jus<\/td>\n<td width=\"57\">1.<\/td>\n<td width=\"88\">Cs\u00fct\u00f6rt\u00f6k<\/td>\n<td width=\"80\">07.00<\/td>\n<td width=\"59\">\u00f3ra<\/td>\n<td colspan=\"2\">Papi szerzetesi hivat\u00e1sok cs<\/td>\n<\/tr>\n<tr>\n<td width=\"102\">&nbsp;<\/td>\n<td width=\"57\">&nbsp;<\/td>\n<td width=\"88\">&nbsp;<\/td>\n<td width=\"80\">&nbsp;<\/td>\n<td width=\"59\">&nbsp;<\/td>\n<td colspan=\"2\">&nbsp;<\/td>\n<\/tr>\n<tr>\n<td width=\"102\">&nbsp;<\/td>\n<td width=\"57\">&nbsp;<\/td>\n<td width=\"88\">&nbsp;<\/td>\n<td colspan=\"4\" width=\"445\">&nbsp;<\/td>\n<\/tr>\n<tr>\n<td width=\"102\">&nbsp;<\/td>\n<td width=\"57\">&nbsp;<\/td>\n<td width=\"88\">&nbsp;<\/td>\n<td colspan=\"4\" width=\"445\">&nbsp;<\/td>\n<\/tr>\n<tr>\n<td width=\"102\">M\u00e1jus<\/td>\n<td width=\"57\">&nbsp;2.<\/td>\n<td width=\"88\">P\u00e9ntek<\/td>\n<td width=\"80\">07.00<\/td>\n<td width=\"59\">\u00f3ra<\/td>\n<td colspan=\"2\">R\u00f3zsaf\u00fcz\u00e9r T\u00e1rsulat \u00e9l\u0151 \u00e9s + tagjai\u00e9rt&nbsp; \u00e9<\/td>\n<\/tr>\n<tr>\n<td width=\"102\">&nbsp;<\/td>\n<td width=\"57\">&nbsp;<\/td>\n<td width=\"88\">&nbsp;<\/td>\n<td colspan=\"4\" width=\"445\">&nbsp;<\/td>\n<\/tr>\n<tr>\n<td width=\"102\">&nbsp;<\/td>\n<td width=\"57\">&nbsp;<\/td>\n<td width=\"88\">&nbsp;<\/td>\n<td width=\"80\">&nbsp;<\/td>\n<td width=\"59\">&nbsp;<\/td>\n<td colspan=\"2\">&nbsp;<\/td>\n<\/tr>\n<tr>\n<td width=\"102\">&nbsp;<\/td>\n<td width=\"57\">&nbsp;<\/td>\n<td colspan=\"5\" width=\"530\">&nbsp; &nbsp; &nbsp; &nbsp; &nbsp; &nbsp; &nbsp; &nbsp; &nbsp; &nbsp; &nbsp;18.00&nbsp; &nbsp; &nbsp; &nbsp;\u00f3ra&nbsp; &nbsp; &nbsp; + Antal, G\u00e1bor \u00e9s Julianna \u00e9s&nbsp; &nbsp; &nbsp; &nbsp; &nbsp; &nbsp; &nbsp; &nbsp; &nbsp; &nbsp; &nbsp; &nbsp; &nbsp; &nbsp; &nbsp; &nbsp; &nbsp; &nbsp; &nbsp; &nbsp; &nbsp; &nbsp; &nbsp; &nbsp; &nbsp; &nbsp; \u00e9l\u0151 Fl\u00f3ri\u00e1n&nbsp; &nbsp;\u00e9<\/td>\n<\/tr>\n<tr>\n<td width=\"102\">M\u00e1jus<\/td>\n<td width=\"57\">3.<\/td>\n<td width=\"88\">Szombat<\/td>\n<td width=\"80\">07.00&nbsp;<\/td>\n<td width=\"59\">&nbsp;&nbsp;&nbsp;&nbsp;<\/p>\n<p>\u00f3ra<\/p>\n<p>&nbsp;<\/p>\n<p>&nbsp;<\/p>\n<p>&nbsp;<\/td>\n<td colspan=\"2\">&nbsp;&nbsp;&nbsp;&nbsp;<\/p>\n<p>+ Zolt\u00e1n \u00e9desap\u00e1\u00e9rt + csal\u00e1dtagok\u00e9rt \u00e9s \u00e9l\u0151 csal\u00e1dtagok\u00e9rt&nbsp; \u00e9<\/p>\n<p>&nbsp;<\/p>\n<p>&nbsp;<\/p>\n<p>&nbsp;<\/td>\n<\/tr>\n<tr>\n<td width=\"102\">&nbsp;<\/td>\n<td width=\"57\">&nbsp;<\/td>\n<td width=\"88\">&nbsp;<\/td>\n<td width=\"80\">18.00&nbsp;<\/td>\n<td width=\"59\">\u00f3ra<\/td>\n<td colspan=\"2\">+ \u00c9desany\u00e1k\u00e9rt&nbsp; &nbsp;\u00e9<\/td>\n<\/tr>\n<tr>\n<td width=\"102\">M\u00e1jus<\/td>\n<td width=\"57\">4.<\/td>\n<td width=\"88\">Vas\u00e1rnap<\/td>\n<td width=\"80\">07.00<\/td>\n<td width=\"59\">\u00f3ra<\/td>\n<td colspan=\"2\">+ Ter\u00e9z \u00e9desany\u00e1\u00e9rt&nbsp; &nbsp;\u00e9<\/td>\n<\/tr>\n<tr>\n<td width=\"102\">&nbsp;<\/td>\n<td width=\"57\">&nbsp;<\/td>\n<td width=\"88\">&nbsp;<\/td>\n<td width=\"80\">09.00<\/td>\n<td width=\"59\">\u00f3ra<\/td>\n<td colspan=\"2\">&nbsp;Pro populo &nbsp;\u00e9<\/td>\n<\/tr>\n<tr>\n<td width=\"102\">&nbsp;<\/td>\n<td width=\"57\">&nbsp;<\/td>\n<td width=\"88\">&nbsp;<\/td>\n<td width=\"80\">&nbsp;<\/td>\n<td width=\"59\">&nbsp;<\/td>\n<td colspan=\"2\">&nbsp;<\/td>\n<\/tr>\n<tr>\n<td width=\"102\">&nbsp;<\/td>\n<td width=\"57\">&nbsp;<\/td>\n<td width=\"88\">&nbsp;<\/td>\n<td width=\"80\">18.00<\/td>\n<td width=\"59\">\u00f3ra<\/td>\n<td width=\"151\">+ Ferenc \u00e9s&nbsp; &nbsp;<\/td>\n<td style=\"direction: rtl;\" width=\"151\">&nbsp; &nbsp;sz\u00fcl\u0151k&nbsp; \u00e9 +<\/td>\n<\/tr>\n<\/tbody>\n<\/table>\n<p>&nbsp;<\/p>\n<p>&nbsp;<\/p>\n<p>&nbsp;<\/p>\n<p>&nbsp;<\/p>\n<p>&nbsp;<\/p>\n<p>&nbsp;<\/p>\n<p style=\"text-align: center;\"><span style=\"color: #ff0000;\"><img loading=\"lazy\" decoding=\"async\" id=\"irc_mi\" style=\"margin-top: 51px;\" src=\"http:\/\/img5.hvg.hu\/image.aspx?id=a96b9326-5000-4895-b524-90d82a1e3c53&amp;view=7fcefbf8-ac48-4ee6-aef5-32203afa118c\" alt=\"\" width=\"495\" height=\"291\"><\/span><\/p>\n<p style=\"text-align: center;\"><img loading=\"lazy\" decoding=\"async\" id=\"irc_mi\" style=\"margin-top: 97px;\" src=\"http:\/\/www.budafokfelsovarosiplebania.hu\/images\/stories\/hirek\/img_6000.jpg\" alt=\"\" width=\"300\" height=\"200\"><\/p>\n<p style=\"text-align: center;\"><img loading=\"lazy\" decoding=\"async\" id=\"irc_mi\" style=\"margin-top: 110px;\" src=\"http:\/\/www.szentlelektemplom.hu\/szentlelektemplom_hu\/UserFiles\/m\/i\/ministranti_2.jpg\" alt=\"\" width=\"232\" height=\"173\"><\/p>\n<p>&nbsp;<\/p>\n<hr>\n","protected":false},"excerpt":{"rendered":"<p>&nbsp; \u00c1prilis 28. H\u00e9tf\u0151 07.00 \u00f3ra + L\u00e1szl\u00f3 \u00e9 &nbsp; &nbsp; &nbsp; &nbsp; &nbsp; &nbsp; &nbsp; &nbsp; &nbsp; &nbsp; &nbsp; &nbsp; &nbsp; &nbsp; &nbsp; &nbsp; &nbsp; &nbsp; &nbsp; &nbsp; &nbsp; &nbsp; &nbsp; &nbsp; \u00c1prilis 29. &nbsp;Kedd 07.00 \u00f3ra&nbsp; &nbsp;+ Ferenc \u00e9s Roz\u00e1lia sz\u00fcl\u0151k&nbsp; \u00e9 &nbsp; &nbsp; &nbsp; 07.45&nbsp; &nbsp; &nbsp; &nbsp;\u00f3ra&nbsp; &nbsp; + J\u00e1ger Ern\u0151&#8230;&nbsp;(<a href=\"https:\/\/kiskanizsa.plebania.hu\/?page_id=478\">Tov\u00e1bb<\/a>)<\/p>\n","protected":false},"author":1,"featured_media":0,"parent":0,"menu_order":0,"comment_status":"closed","ping_status":"closed","template":"","meta":{"ngg_post_thumbnail":0,"footnotes":""},"class_list":["post-478","page","type-page","status-publish","hentry"],"_links":{"self":[{"href":"https:\/\/kiskanizsa.plebania.hu\/index.php?rest_route=\/wp\/v2\/pages\/478","targetHints":{"allow":["GET"]}}],"collection":[{"href":"https:\/\/kiskanizsa.plebania.hu\/index.php?rest_route=\/wp\/v2\/pages"}],"about":[{"href":"https:\/\/kiskanizsa.plebania.hu\/index.php?rest_route=\/wp\/v2\/types\/page"}],"author":[{"embeddable":true,"href":"https:\/\/kiskanizsa.plebania.hu\/index.php?rest_route=\/wp\/v2\/users\/1"}],"replies":[{"embeddable":true,"href":"https:\/\/kiskanizsa.plebania.hu\/index.php?rest_route=%2Fwp%2Fv2%2Fcomments&post=478"}],"version-history":[{"count":818,"href":"https:\/\/kiskanizsa.plebania.hu\/index.php?rest_route=\/wp\/v2\/pages\/478\/revisions"}],"predecessor-version":[{"id":8720,"href":"https:\/\/kiskanizsa.plebania.hu\/index.php?rest_route=\/wp\/v2\/pages\/478\/revisions\/8720"}],"wp:attachment":[{"href":"https:\/\/kiskanizsa.plebania.hu\/index.php?rest_route=%2Fwp%2Fv2%2Fmedia&parent=478"}],"curies":[{"name":"wp","href":"https:\/\/api.w.org\/{rel}","templated":true}]}}