{"id":49,"date":"2012-09-29T12:11:43","date_gmt":"2012-09-29T10:11:43","guid":{"rendered":"http:\/\/kiskanizsa.plebania.hu\/webhttp:\/\/kiskanizsa.plebania.hu\/?page_id=49"},"modified":"2024-02-04T15:19:45","modified_gmt":"2024-02-04T14:19:45","slug":"miserend","status":"publish","type":"page","link":"https:\/\/kiskanizsa.plebania.hu\/?page_id=49","title":{"rendered":"Miserend"},"content":{"rendered":"<p style=\"text-align: left;\"><a href=\"#\">&nbsp;&nbsp;1.) Szentmis\u00e9k<\/a><br \/>\n<a href=\"#\">&nbsp;&nbsp;2.) Gy\u00e1szmis\u00e9k<\/a><br \/>\n<a href=\"#\">&nbsp;&nbsp;3.) Hegyi b\u00facs\u00fa<\/a><br \/>\n<a href=\"#\">&nbsp;&nbsp;4.) Keresztel\u0151<\/a><br \/>\n<a href=\"#\">&nbsp;&nbsp;5.) Esk\u00fcv\u0151<\/a><br \/>\n<a href=\"#\">&nbsp;&nbsp;6.) Imacsoportok<\/a><br \/>\n<a href=\"#\">&nbsp;&nbsp;7.) \u00c9ves programok<\/a><br \/>\n<a href=\"#\">&nbsp;&nbsp;8.) Zsolozsma (Laudes)<\/a><br \/>\n<a href=\"#\">&nbsp;&nbsp;9.) Temet\u00e9s<\/a><br \/>\n<a href=\"#\">10.) Jegyes oktat\u00e1s<\/a><\/p>\n<p>&nbsp;<\/p>\n<table width=\"100%\" align=\"left\">\n<tbody>\n<tr>\n<th style=\"background: whitesmoke; font-variant: small-caps;\" colspan=\"3\" align=\"left\"><a id=\"szentmisek\" style=\"color: black;\"><\/a>1.) Szentmis\u00e9k<\/th>\n<\/tr>\n<tr>\n<td style=\"border-bottom: 1px solid gray;\" align=\"left\" width=\"80\">H\u00e9tf\u0151<\/td>\n<td style=\"border-bottom: 1px solid gray;\" align=\"right\" width=\"100\">&nbsp;7<\/td>\n<td align=\"right\">&nbsp;<\/td>\n<\/tr>\n<tr>\n<td style=\"border-bottom: 1px solid gray;\" align=\"left\">Kedd<\/td>\n<td style=\"border-bottom: 1px solid gray;\" align=\"right\">7<\/td>\n<td align=\"right\">&nbsp;<\/td>\n<\/tr>\n<tr>\n<td style=\"border-bottom: 1px solid gray;\" align=\"left\">Szerda<\/td>\n<td style=\"border-bottom: 1px solid gray;\" align=\"right\">&nbsp;<\/td>\n<td align=\"right\">&nbsp;<\/td>\n<\/tr>\n<tr>\n<td style=\"border-bottom: 1px solid gray;\" align=\"left\">Cs\u00fct\u00f6rt\u00f6k<\/td>\n<td style=\"border-bottom: 1px solid gray;\" align=\"right\">7<\/td>\n<td align=\"right\">&nbsp;<\/td>\n<\/tr>\n<tr>\n<td style=\"border-bottom: 1px solid gray;\" align=\"left\">P\u00e9ntek<\/td>\n<td style=\"border-bottom: 1px solid gray;\" align=\"right\">7<\/td>\n<td align=\"right\">Els\u0151p\u00e9nteken: 7 \u00e9s 18 \u00f3ra<\/td>\n<\/tr>\n<tr>\n<td style=\"border-bottom: 1px solid gray;\" align=\"left\">Szombat<\/td>\n<td style=\"border-bottom: 1px solid gray;\" align=\"right\">7<br \/>\n18<\/td>\n<td align=\"right\">&nbsp;<\/td>\n<\/tr>\n<\/tbody>\n<\/table>\n<table width=\"100%\" align=\"left\">\n<tbody>\n<tr>\n<td style=\"border-bottom: 1px solid gray;\" align=\"left\">Vas\u00e1rnap<\/td>\n<td style=\"border-bottom: 1px solid gray;\" align=\"right\">7<br \/>\n9<br \/>\n18<\/td>\n<td align=\"right\">&nbsp;<\/td>\n<\/tr>\n<tr>\n<td style=\"border-bottom: 1px solid gray;\" align=\"left\">\u00dcnnepi miserend<\/td>\n<td style=\"border-bottom: 1px solid gray;\" align=\"right\">7<br \/>\n9<br \/>\n18<\/td>\n<td align=\"right\">&nbsp;<\/td>\n<\/tr>\n<tr>\n<td style=\"border-bottom: 1px solid gray;\" align=\"left\">Adventben<\/td>\n<td style=\"border-bottom: 1px solid gray;\" align=\"right\">6<\/td>\n<td align=\"right\">&nbsp;<\/td>\n<\/tr>\n<tr>\n<th style=\"background: whitesmoke; font-variant: small-caps;\" colspan=\"3\" align=\"left\"><a id=\"gyaszmisek\" style=\"color: black;\"><\/a>2.) Gy\u00e1szmis\u00e9k<\/th>\n<\/tr>\n<tr>\n<td style=\"border-bottom: 1px solid gray;\" align=\"left\" width=\"80\">H\u00e9tf\u0151<\/td>\n<td style=\"border-bottom: 1px solid gray;\" align=\"right\" width=\"100\">1\/2 8 \u00f3ra<\/td>\n<td align=\"right\">&nbsp;<\/td>\n<\/tr>\n<tr>\n<td style=\"border-bottom: 1px solid gray;\" align=\"left\">Kedd<\/td>\n<td style=\"border-bottom: 1px solid gray;\" align=\"right\">1\/2 8 \u00f3ra<\/td>\n<td align=\"right\">&nbsp;<\/td>\n<\/tr>\n<tr>\n<td style=\"border-bottom: 1px solid gray;\" align=\"left\">Szerda<\/td>\n<td style=\"border-bottom: 1px solid gray;\" align=\"right\">&nbsp;<\/td>\n<td align=\"right\">&nbsp;<\/td>\n<\/tr>\n<tr>\n<td style=\"border-bottom: 1px solid gray;\" align=\"left\">Cs\u00fct\u00f6rt\u00f6k<\/td>\n<td style=\"border-bottom: 1px solid gray;\" align=\"right\">1\/2 8 \u00f3ra<\/td>\n<td align=\"right\">&nbsp;<\/td>\n<\/tr>\n<tr>\n<td style=\"border-bottom: 1px solid gray;\" align=\"left\">P\u00e9ntek<\/td>\n<td style=\"border-bottom: 1px solid gray;\" align=\"right\">1\/2 8 \u00f3ra<\/td>\n<td align=\"right\">&nbsp;<\/td>\n<\/tr>\n<tr>\n<td style=\"border-bottom: 1px solid gray;\" align=\"left\">Szombat<\/td>\n<td style=\"border-bottom: 1px solid gray;\" align=\"right\">&nbsp;<\/td>\n<td align=\"right\">&nbsp;<\/td>\n<\/tr>\n<tr>\n<td style=\"border-bottom: 1px solid gray;\" align=\"left\">Vas\u00e1rnap<\/td>\n<td style=\"border-bottom: 1px solid gray;\" align=\"right\">&nbsp;<\/td>\n<td align=\"right\">&nbsp;<\/td>\n<\/tr>\n<\/tbody>\n<\/table>\n<table width=\"100%\" align=\"left\">\n<tbody>\n<tr>\n<th style=\"background: whitesmoke; font-variant: small-caps;\" colspan=\"3\" align=\"left\"><a id=\"bucsuk\" style=\"color: black;\"><\/a>3.) Hegyi b\u00facs\u00fa<\/th>\n<\/tr>\n<tr>\n<td align=\"left\" width=\"300\"><strong><span style=\"text-decoration: underline;\">F\u00f6rh\u00e9nc<\/span><\/strong><\/td>\n<td width=\"200\">&nbsp;<\/td>\n<td>&nbsp;<\/td>\n<\/tr>\n<tr>\n<td style=\"border-bottom: 1px solid gray;\" align=\"left\" width=\"300\">Mennybemenetel vas\u00e1rnapja<\/td>\n<td style=\"border-bottom: 1px solid gray;\" align=\"right\" width=\"200\">12 \u00f3ra<\/td>\n<td>&nbsp;<\/td>\n<\/tr>\n<tr>\n<td style=\"border-bottom: 1px solid gray;\" align=\"left\" width=\"300\">Urunk sz\u00ednev\u00e1ltoz\u00e1sa ut\u00e1ni vas\u00e1rnap<\/td>\n<td style=\"border-bottom: 1px solid gray;\" align=\"right\" width=\"200\">12 \u00f3ra<\/td>\n<td>&nbsp;<\/td>\n<\/tr>\n<tr>\n<td>&nbsp;<\/td>\n<td>&nbsp;<\/td>\n<td>&nbsp;<\/td>\n<\/tr>\n<tr>\n<td align=\"left\" width=\"300\"><strong><span style=\"text-decoration: underline;\">Cserf\u0151<\/span><\/strong><\/td>\n<td>&nbsp;<\/td>\n<td>&nbsp;<\/td>\n<\/tr>\n<tr>\n<td style=\"border-bottom: 1px solid gray;\" align=\"left\" width=\"300\">Szent Anna \u00fcnnepe ut\u00e1ni vas\u00e1rnap<\/td>\n<td style=\"border-bottom: 1px solid gray;\" align=\"right\" width=\"200\">12 \u00f3ra<\/td>\n<td>&nbsp;<\/td>\n<\/tr>\n<tr>\n<td style=\"border-bottom: 1px solid gray;\" align=\"left\" width=\"300\">M\u00e1ria neve napja ut\u00e1ni vas\u00e1rnap<\/td>\n<td style=\"border-bottom: 1px solid gray;\" align=\"right\" width=\"200\">12 \u00f3ra<\/td>\n<td>&nbsp;<\/td>\n<\/tr>\n<tr>\n<td>&nbsp;<\/td>\n<td>&nbsp;<\/td>\n<td>&nbsp;<\/td>\n<\/tr>\n<tr>\n<td align=\"left\" width=\"300\"><strong><span style=\"text-decoration: underline;\">Bag\u00f3hegy<\/span><\/strong><\/td>\n<td>&nbsp;<\/td>\n<td>&nbsp;<\/td>\n<\/tr>\n<tr>\n<td style=\"border-bottom: 1px solid gray;\" align=\"left\" width=\"300\">Nagyboldogasszony ut\u00e1ni vas\u00e1rnap<\/td>\n<td style=\"border-bottom: 1px solid gray;\" align=\"right\" width=\"200\">12 \u00f3ra<\/td>\n<td>&nbsp;<\/td>\n<\/tr>\n<\/tbody>\n<\/table>\n<p>&nbsp;<\/p>\n<table width=\"100%\" align=\"left\">\n<tbody>\n<tr>\n<th style=\"background: whitesmoke; font-variant: small-caps;\" colspan=\"3\" align=\"left\"><a id=\"keresztelo\" style=\"color: black;\"><\/a>4.) Keresztel\u0151<\/th>\n<\/tr>\n<tr>\n<td style=\"border-bottom: 1px solid gray;\" align=\"left\" width=\"80\">H\u00e9tf\u0151<\/td>\n<td style=\"border-bottom: 1px solid gray;\" align=\"right\" width=\"100\">&nbsp;<\/td>\n<td align=\"right\">&nbsp;<\/td>\n<\/tr>\n<tr>\n<td style=\"border-bottom: 1px solid gray;\" align=\"left\">Kedd<\/td>\n<td style=\"border-bottom: 1px solid gray;\" align=\"right\">&nbsp;<\/td>\n<td align=\"right\">&nbsp;<\/td>\n<\/tr>\n<tr>\n<td style=\"border-bottom: 1px solid gray;\" align=\"left\">Szerda<\/td>\n<td style=\"border-bottom: 1px solid gray;\" align=\"right\">&nbsp;<\/td>\n<td align=\"right\">&nbsp;<\/td>\n<\/tr>\n<tr>\n<td style=\"border-bottom: 1px solid gray;\" align=\"left\">Cs\u00fct\u00f6rt\u00f6k<\/td>\n<td style=\"border-bottom: 1px solid gray;\" align=\"right\">&nbsp;<\/td>\n<td align=\"right\">&nbsp;<\/td>\n<\/tr>\n<tr>\n<td style=\"border-bottom: 1px solid gray;\" align=\"left\">P\u00e9ntek<\/td>\n<td style=\"border-bottom: 1px solid gray;\" align=\"right\">&nbsp;<\/td>\n<td align=\"right\">&nbsp;<\/td>\n<\/tr>\n<tr>\n<td style=\"border-bottom: 1px solid gray;\" align=\"left\">Szombat<\/td>\n<td style=\"border-bottom: 1px solid gray;\" align=\"right\">Megbesz\u00e9lt id\u0151pontban<\/td>\n<td align=\"right\">&nbsp;<\/td>\n<\/tr>\n<tr>\n<td style=\"border-bottom: 1px solid gray;\" align=\"left\">Vas\u00e1rnap<\/td>\n<td style=\"border-bottom: 1px solid gray;\" align=\"right\">9 \u00f3r\u00e1s szentmise ut\u00e1n<\/td>\n<td align=\"right\">&nbsp;<\/td>\n<\/tr>\n<\/tbody>\n<\/table>\n<table width=\"100%\" align=\"left\">\n<tbody>\n<tr>\n<th style=\"background: whitesmoke; font-variant: small-caps;\" colspan=\"3\" align=\"left\"><a id=\"eskuvo\" style=\"color: black;\"><\/a>5.) Esk\u00fcv\u0151<\/th>\n<\/tr>\n<tr>\n<td style=\"border-bottom: 1px solid gray;\" align=\"left\" width=\"80\">H\u00e9tf\u0151<\/td>\n<td style=\"border-bottom: 1px solid gray;\" align=\"right\" width=\"100\">&nbsp;<\/td>\n<td align=\"right\">&nbsp;<\/td>\n<\/tr>\n<tr>\n<td style=\"border-bottom: 1px solid gray;\" align=\"left\">Kedd<\/td>\n<td style=\"border-bottom: 1px solid gray;\" align=\"right\">&nbsp;<\/td>\n<td align=\"right\">&nbsp;<\/td>\n<\/tr>\n<tr>\n<td style=\"border-bottom: 1px solid gray;\" align=\"left\">Szerda<\/td>\n<td style=\"border-bottom: 1px solid gray;\" align=\"right\">&nbsp;<\/td>\n<td align=\"right\">&nbsp;<\/td>\n<\/tr>\n<tr>\n<td style=\"border-bottom: 1px solid gray;\" align=\"left\">Cs\u00fct\u00f6rt\u00f6k<\/td>\n<td style=\"border-bottom: 1px solid gray;\" align=\"right\">&nbsp;<\/td>\n<td align=\"right\">&nbsp;<\/td>\n<\/tr>\n<tr>\n<td style=\"border-bottom: 1px solid gray;\" align=\"left\">P\u00e9ntek<\/td>\n<td style=\"border-bottom: 1px solid gray;\" align=\"right\">&nbsp;<\/td>\n<td align=\"right\">&nbsp;<\/td>\n<\/tr>\n<tr>\n<td style=\"border-bottom: 1px solid gray;\" align=\"left\">Szombat<\/td>\n<td style=\"border-bottom: 1px solid gray;\" align=\"right\">Megbesz\u00e9lt id\u0151pontban<\/td>\n<td align=\"right\">&nbsp;<\/td>\n<\/tr>\n<tr>\n<td style=\"border-bottom: 1px solid gray;\" align=\"left\">Vas\u00e1rnap<\/td>\n<td style=\"border-bottom: 1px solid gray;\" align=\"right\">&nbsp;<\/td>\n<td align=\"right\">&nbsp;<\/td>\n<\/tr>\n<\/tbody>\n<\/table>\n<table width=\"100%\" align=\"left\">\n<tbody>\n<tr>\n<th style=\"background: whitesmoke; font-variant: small-caps;\" colspan=\"3\" align=\"left\"><a id=\"imacsoportok\" style=\"color: black;\"><\/a>6.) Imacsoportok<\/th>\n<\/tr>\n<tr>\n<td style=\"border-bottom: 1px solid gray;\" align=\"left\" width=\"80\">H\u00e9tf\u0151<\/td>\n<td style=\"border-bottom: 1px solid gray;\" align=\"left\">1. Kis Szent Ter\u00e9z imacsoport (hetente)- T\u00f6r\u0151 Ferencn\u00e9<\/td>\n<\/tr>\n<tr>\n<td style=\"border-bottom: 1px solid gray;\" align=\"left\">Kedd<\/td>\n<td style=\"border-bottom: 1px solid gray;\" align=\"left\">2. Olvas\u00f3k\u00f6r (havonta:els\u0151 kedd) Baranyai Magdolna&nbsp;&nbsp;&nbsp;&nbsp;<\/p>\n<p>3. Szent M\u00f3nika K\u00f6r (havonta: m\u00e1sodik kedd) &#8211; T\u00f6r\u00f6k Gy\u00f6rgyn\u00e9<\/td>\n<\/tr>\n<tr>\n<td style=\"border-bottom: 1px solid gray;\" align=\"left\">&nbsp;<\/td>\n<td style=\"border-bottom: 1px solid gray;\" align=\"left\">&nbsp;<\/td>\n<\/tr>\n<tr>\n<td style=\"border-bottom: 1px solid gray;\" align=\"left\">Cs\u00fct\u00f6rt\u00f6k<\/td>\n<td style=\"border-bottom: 1px solid gray;\" align=\"left\">&nbsp;&nbsp;&nbsp;<\/p>\n<p>4. Szepl\u0151telen Fogantat\u00e1s engesztel\u0151 imacsoport (hetente) &#8211; Cs\u00e1sz\u00e1r Antaln\u00e9<\/p>\n<p>5. Eg\u00e9sz napos szents\u00e9gim\u00e1d\u00e1s (hetente) &#8211; Cs\u00e1sz\u00e1r Antaln\u00e9<\/td>\n<\/tr>\n<tr>\n<td style=\"border-bottom: 1px solid gray;\" align=\"left\">P\u00e9ntek<\/td>\n<td style=\"border-bottom: 1px solid gray;\" align=\"left\">6. Ferences Imaest (havonta: utols\u00f3 p\u00e9ntek el\u0151tti p\u00e9ntek)&nbsp;&nbsp;<\/p>\n<p>7. Karizmatikus imatal\u00e1lkoz\u00f3 (havonta: els\u0151 p\u00e9ntek)&nbsp;<\/p>\n<p>8. \u00c9nekkar (hetente) &#8211; Kiss Mih\u00e1ly<\/td>\n<\/tr>\n<tr>\n<td style=\"border-bottom: 1px solid gray;\" align=\"left\">Szombat<\/td>\n<td style=\"border-bottom: 1px solid gray;\" align=\"left\">9. Zsolozsm\u00e1z\u00f3k (hetente) &#8211; Pl\u00e9b\u00e1nos<\/td>\n<\/tr>\n<tr>\n<td style=\"border-bottom: 1px solid gray;\" align=\"left\">Vas\u00e1rnap<\/td>\n<td style=\"border-bottom: 1px solid gray;\" align=\"left\">10. K\u00e9pvisel\u0151test\u00fclet (havonta: els\u0151 vas\u00e1rnap) &#8211; Pl\u00e9b\u00e1nos<\/td>\n<\/tr>\n<\/tbody>\n<\/table>\n<table width=\"100%\" align=\"left\">\n<tbody>\n<tr>\n<th style=\"background: whitesmoke; font-variant: small-caps;\" colspan=\"3\" align=\"left\"><a id=\"ministrans\" style=\"color: black;\"><\/a>7.) \u00c9ves programok<\/th>\n<\/tr>\n<tr>\n<td style=\"text-align: justify;\" colspan=\"2\" align=\"right\"><strong><span style=\"color: #ff0000;\">J\u00f3t\u00e9konys\u00e1gi b\u00e1l,<\/span> <span style=\"color: #ff0000;\">H\u00e1zszentel\u00e9sek,<\/span> \u00d6kumenikus imah\u00e9t, Bal\u00e1zs\u00e1ld\u00e1s, Lourdes-i kilenced, Kereszt\u00fat, Nagyb\u00f6jti lelkigyakorlat, Any\u00e1k napja, M\u00e1jusi lit\u00e1ni\u00e1k, <span style=\"color: #ff0000;\">Szent Fl\u00f3ri\u00e1n k\u00f6sz\u00f6nt\u00e9se R\u00f3zsaszentel\u00e9s,<\/span> Els\u0151\u00e1ldoz\u00e1s, B\u00e9rm\u00e1l\u00e1s, Hittanverseny, <span style=\"color: #ff0000;\">H\u0151s\u00f6k napja, Gyermeknapi vigass\u00e1gok, Liliomos k\u00f6rmenet, Kisb\u00facsui bogr\u00e1csoz\u00e1s, Kisasszony b\u00f6lcs\u0151je,<\/span> Eg\u00e9sz napos r\u00f3zsaf\u00fcz\u00e9r, <span style=\"color: #ff0000;\">M\u00fastgy\u00fcjt\u00e9s,, Szent Cecilia k\u00f3rustal\u00e1lkoz\u00f3,<\/span> Szents\u00e9gim\u00e1d\u00e1s, <span style=\"color: #ff0000;\">Mustgy\u00fcjt\u0151k \u00f6sszej\u00f6vetele,<\/span> Mikul\u00e1s \u00fcnneps\u00e9g, Sz\u00e1ll\u00e1st keres a szent csal\u00e1d, Betlehemes j\u00e1t\u00e9k,<span style=\"color: #ff0000;\"> Borszentel\u00e9s<\/span> stb.<\/strong><\/td>\n<\/tr>\n<tr>\n<td style=\"text-align: center;\" colspan=\"2\" align=\"right\"><strong><span style=\"color: #ff0000;\">A piros bet\u00fcvel \u00edrt rendezv\u00e9nyek csak Kiskanizsai programok&nbsp;<\/span><\/strong><\/td>\n<\/tr>\n<\/tbody>\n<\/table>\n<table width=\"100%\" align=\"left\">\n<tbody>\n<tr>\n<th style=\"background: whitesmoke; font-variant: small-caps;\" colspan=\"3\" align=\"left\"><a id=\"zsolozsma\" style=\"color: black;\"><\/a>8.) Zsolozsma (Laudes)<\/th>\n<\/tr>\n<tr>\n<td style=\"border-bottom: 1px solid gray;\" align=\"left\" width=\"80\">H\u00e9tf\u0151<\/td>\n<td style=\"border-bottom: 1px solid gray;\" align=\"right\" width=\"100\">&nbsp;<\/td>\n<td align=\"right\">&nbsp;<\/td>\n<\/tr>\n<tr>\n<td style=\"border-bottom: 1px solid gray;\" align=\"left\">Kedd<\/td>\n<td style=\"border-bottom: 1px solid gray;\" align=\"right\">&nbsp;<\/td>\n<td align=\"right\">&nbsp;<\/td>\n<\/tr>\n<tr>\n<td style=\"border-bottom: 1px solid gray;\" align=\"left\">Szerda<\/td>\n<td style=\"border-bottom: 1px solid gray;\" align=\"right\">&nbsp;<\/td>\n<td align=\"right\">&nbsp;<\/td>\n<\/tr>\n<tr>\n<td style=\"border-bottom: 1px solid gray;\" align=\"left\">Cs\u00fct\u00f6rt\u00f6k<\/td>\n<td style=\"border-bottom: 1px solid gray;\" align=\"right\">&nbsp;<\/td>\n<td align=\"right\">&nbsp;<\/td>\n<\/tr>\n<tr>\n<td style=\"border-bottom: 1px solid gray;\" align=\"left\">P\u00e9ntek<\/td>\n<td style=\"border-bottom: 1px solid gray;\" align=\"right\">&nbsp;<\/td>\n<td align=\"right\">&nbsp;<\/td>\n<\/tr>\n<tr>\n<td style=\"border-bottom: 1px solid gray;\" align=\"left\">Szombat<\/td>\n<td style=\"border-bottom: 1px solid gray;\" align=\"right\">1\/2 7 \u00f3ra<\/td>\n<td align=\"right\">&nbsp;<\/td>\n<\/tr>\n<tr>\n<td style=\"border-bottom: 1px solid gray;\" align=\"left\">Vas\u00e1rnap<\/td>\n<td style=\"border-bottom: 1px solid gray;\" align=\"right\">&nbsp;<\/td>\n<td align=\"right\">&nbsp;<\/td>\n<\/tr>\n<\/tbody>\n<\/table>\n<table width=\"100%\" align=\"left\">\n<tbody>\n<tr>\n<th style=\"background: whitesmoke; font-variant: small-caps;\" colspan=\"3\" align=\"left\"><a id=\"temetes\" style=\"color: black;\"><\/a>9.) Temet\u00e9s<\/th>\n<\/tr>\n<tr>\n<td style=\"border-bottom: 1px solid gray;\" align=\"left\" width=\"80\">H\u00e9tf\u0151<\/td>\n<td style=\"border-bottom: 1px solid gray;\" align=\"right\" width=\"100\">Megbesz\u00e9lt id\u0151pontban<\/td>\n<td align=\"right\">&nbsp;<\/td>\n<\/tr>\n<tr>\n<td style=\"border-bottom: 1px solid gray;\" align=\"left\">Kedd<\/td>\n<td style=\"border-bottom: 1px solid gray;\" align=\"right\">Megbesz\u00e9lt id\u0151pontban<\/td>\n<td align=\"right\">&nbsp;<\/td>\n<\/tr>\n<tr>\n<td style=\"border-bottom: 1px solid gray;\" align=\"left\">Szerda<\/td>\n<td style=\"border-bottom: 1px solid gray;\" align=\"right\">Nincs k\u00e1ntor, nincs sekresty\u00e9s, nincs temet\u00e9s<\/td>\n<td align=\"right\">&nbsp;<\/td>\n<\/tr>\n<tr>\n<td style=\"border-bottom: 1px solid gray;\" align=\"left\">Cs\u00fct\u00f6rt\u00f6k<\/td>\n<td style=\"border-bottom: 1px solid gray;\" align=\"right\">Megbesz\u00e9lt id\u0151pontban<\/td>\n<td align=\"right\">&nbsp;<\/td>\n<\/tr>\n<tr>\n<td style=\"border-bottom: 1px solid gray;\" align=\"left\">P\u00e9ntek<\/td>\n<td style=\"border-bottom: 1px solid gray;\" align=\"right\">Megbesz\u00e9lt id\u0151pontban<\/td>\n<td align=\"right\">&nbsp;<\/td>\n<\/tr>\n<tr>\n<td style=\"border-bottom: 1px solid gray;\" align=\"left\">Szombat<\/td>\n<td style=\"border-bottom: 1px solid gray;\" align=\"right\">Nincs temet\u00e9s<\/td>\n<td align=\"right\">&nbsp;<\/td>\n<\/tr>\n<tr>\n<td style=\"border-bottom: 1px solid gray;\" align=\"left\">Vas\u00e1rnap<\/td>\n<td style=\"border-bottom: 1px solid gray;\" align=\"right\">Nincs temet\u00e9s<\/td>\n<td align=\"right\">&nbsp;<\/td>\n<\/tr>\n<\/tbody>\n<\/table>\n<table width=\"100%\" align=\"left\">\n<tbody>\n<tr>\n<th style=\"background: whitesmoke; font-variant: small-caps;\" colspan=\"3\" align=\"left\"><a id=\"jegyes\" style=\"color: black;\"><\/a>10.) Jegyes oktat\u00e1s<\/th>\n<\/tr>\n<tr>\n<td style=\"border-bottom: 1px solid gray;\" align=\"left\" width=\"80\">H\u00e9tf\u0151<\/td>\n<td style=\"border-bottom: 1px solid gray;\" align=\"right\" width=\"100\">Megbesz\u00e9lt id\u0151pontban<\/td>\n<td align=\"right\">&nbsp;<\/td>\n<\/tr>\n<tr>\n<td style=\"border-bottom: 1px solid gray;\" align=\"left\">Kedd<\/td>\n<td style=\"border-bottom: 1px solid gray;\" align=\"right\">Megbesz\u00e9lt id\u0151pontban<\/td>\n<td align=\"right\">&nbsp;<\/td>\n<\/tr>\n<tr>\n<td style=\"border-bottom: 1px solid gray;\" align=\"left\">Szerda<\/td>\n<td style=\"border-bottom: 1px solid gray;\" align=\"right\">Megbesz\u00e9lt id\u0151pontban<\/td>\n<td align=\"right\">&nbsp;<\/td>\n<\/tr>\n<tr>\n<td style=\"border-bottom: 1px solid gray;\" align=\"left\">Cs\u00fct\u00f6rt\u00f6k<\/td>\n<td style=\"border-bottom: 1px solid gray;\" align=\"right\">Megbesz\u00e9lt id\u0151pontban<\/td>\n<td align=\"right\">&nbsp;<\/td>\n<\/tr>\n<tr>\n<td style=\"border-bottom: 1px solid gray;\" align=\"left\">P\u00e9ntek<\/td>\n<td style=\"border-bottom: 1px solid gray;\" align=\"right\">Megbesz\u00e9lt id\u0151pontban<\/td>\n<td align=\"right\">&nbsp;<\/td>\n<\/tr>\n<tr>\n<td style=\"border-bottom: 1px solid gray;\" align=\"left\">Szombat<\/td>\n<td style=\"border-bottom: 1px solid gray;\" align=\"right\">Megbesz\u00e9lt id\u0151pontban<\/td>\n<td align=\"right\">&nbsp;<\/td>\n<\/tr>\n<tr>\n<td style=\"border-bottom: 1px solid gray;\" align=\"left\">Vas\u00e1rnap<\/td>\n<td style=\"border-bottom: 1px solid gray;\" align=\"right\">Megbesz\u00e9lt id\u0151pontban<\/td>\n<td align=\"right\">&nbsp;<\/td>\n<\/tr>\n<\/tbody>\n<\/table>\n","protected":false},"excerpt":{"rendered":"<p>&nbsp;&nbsp;1.) Szentmis\u00e9k &nbsp;&nbsp;2.) Gy\u00e1szmis\u00e9k &nbsp;&nbsp;3.) Hegyi b\u00facs\u00fa &nbsp;&nbsp;4.) Keresztel\u0151 &nbsp;&nbsp;5.) Esk\u00fcv\u0151 &nbsp;&nbsp;6.) Imacsoportok &nbsp;&nbsp;7.) \u00c9ves programok &nbsp;&nbsp;8.) Zsolozsma (Laudes) &nbsp;&nbsp;9.) Temet\u00e9s 10.) Jegyes oktat\u00e1s &nbsp; 1.) Szentmis\u00e9k H\u00e9tf\u0151 &nbsp;7 &nbsp; Kedd 7 &nbsp; Szerda &nbsp; &nbsp; Cs\u00fct\u00f6rt\u00f6k 7 &nbsp; P\u00e9ntek 7 Els\u0151p\u00e9nteken: 7 \u00e9s 18 \u00f3ra Szombat 7 18 &nbsp; Vas\u00e1rnap 7 9 18 &nbsp;&#8230;&nbsp;(<a href=\"https:\/\/kiskanizsa.plebania.hu\/?page_id=49\">Tov\u00e1bb<\/a>)<\/p>\n","protected":false},"author":1,"featured_media":0,"parent":0,"menu_order":0,"comment_status":"closed","ping_status":"closed","template":"","meta":{"ngg_post_thumbnail":0,"footnotes":""},"class_list":["post-49","page","type-page","status-publish","hentry"],"_links":{"self":[{"href":"https:\/\/kiskanizsa.plebania.hu\/index.php?rest_route=\/wp\/v2\/pages\/49","targetHints":{"allow":["GET"]}}],"collection":[{"href":"https:\/\/kiskanizsa.plebania.hu\/index.php?rest_route=\/wp\/v2\/pages"}],"about":[{"href":"https:\/\/kiskanizsa.plebania.hu\/index.php?rest_route=\/wp\/v2\/types\/page"}],"author":[{"embeddable":true,"href":"https:\/\/kiskanizsa.plebania.hu\/index.php?rest_route=\/wp\/v2\/users\/1"}],"replies":[{"embeddable":true,"href":"https:\/\/kiskanizsa.plebania.hu\/index.php?rest_route=%2Fwp%2Fv2%2Fcomments&post=49"}],"version-history":[{"count":90,"href":"https:\/\/kiskanizsa.plebania.hu\/index.php?rest_route=\/wp\/v2\/pages\/49\/revisions"}],"predecessor-version":[{"id":8462,"href":"https:\/\/kiskanizsa.plebania.hu\/index.php?rest_route=\/wp\/v2\/pages\/49\/revisions\/8462"}],"wp:attachment":[{"href":"https:\/\/kiskanizsa.plebania.hu\/index.php?rest_route=%2Fwp%2Fv2%2Fmedia&parent=49"}],"curies":[{"name":"wp","href":"https:\/\/api.w.org\/{rel}","templated":true}]}}