{"id":53,"date":"2012-09-29T12:14:49","date_gmt":"2012-09-29T10:14:49","guid":{"rendered":"http:\/\/kiskanizsa.plebania.hu\/?page_id=53"},"modified":"2018-12-25T10:30:15","modified_gmt":"2018-12-25T09:30:15","slug":"fogadalmi-unnepek","status":"publish","type":"page","link":"https:\/\/kiskanizsa.plebania.hu\/?page_id=53","title":{"rendered":"Fogadalmi \u00fcnnepek"},"content":{"rendered":"<table>\n<tbody>\n<tr>\n<td style=\"border-bottom: 1px solid black;\" align=\"right\">1.<\/td>\n<td style=\"border-bottom: 1px solid black;\" align=\"left\">Janu\u00e1r 20.<\/td>\n<td style=\"border-bottom: 1px solid black;\" align=\"left\">Szent F\u00e1bi\u00e1n \u00e9s Sebesty\u00e9n (Nem \u00fcnnepelj\u00fck)<\/td>\n<\/tr>\n<tr>\n<td style=\"border-bottom: 1px solid black;\" align=\"right\">2.<\/td>\n<td style=\"border-bottom: 1px solid black;\" align=\"left\">M\u00e1jus 4.<\/td>\n<td style=\"border-bottom: 1px solid black;\" align=\"left\">Szent Fl\u00f3ri\u00e1n napj\u00e1n este 7 \u00f3ra<\/td>\n<\/tr>\n<tr>\n<td style=\"border-bottom: 1px solid black;\" align=\"right\">3.<\/td>\n<td style=\"border-bottom: 1px solid black;\" align=\"left\">\u00c1ldoz\u00f3cs\u00fct\u00f6rt\u00f6k<\/td>\n<td style=\"border-bottom: 1px solid black;\" align=\"left\">F\u00f6rh\u00e9nci 1. b\u00facs\u00fa: Mennybemenetel vas\u00e1rnapja (12 \u00f3ra)<\/td>\n<\/tr>\n<tr>\n<td style=\"border-bottom: 1px solid black;\" align=\"right\">4.<\/td>\n<td style=\"border-bottom: 1px solid black;\" align=\"left\">J\u00falius 2.<\/td>\n<td style=\"border-bottom: 1px solid black;\" align=\"left\">Sarl\u00f3s Boldogasszony ut\u00e1ni vas\u00e1rnap<\/td>\n<\/tr>\n<tr>\n<td style=\"border-bottom: 1px solid black;\" align=\"right\">5.<\/td>\n<td style=\"border-bottom: 1px solid black;\" align=\"left\">J\u00falius 26.<\/td>\n<td style=\"border-bottom: 1px solid black; text-align: left;\" align=\"left\">Cserf\u0151i 1 b\u00facs\u00fa Szent Anna ut\u00e1ni vas\u00e1rnap (12 \u00f3ra)<\/td>\n<\/tr>\n<tr>\n<td style=\"border-bottom: 1px solid black;\" align=\"right\">6.<\/td>\n<td style=\"border-bottom: 1px solid black;\" align=\"left\">Augusztus 6.<\/td>\n<td style=\"border-bottom: 1px solid black; text-align: left;\" align=\"left\">F\u00f6rh\u00e9nci 2. b\u00facs\u00fa Urunk sz\u00ednev\u00e1ltoz\u00e1sa ut\u00e1ni vas\u00e1rnap(12 \u00f3ra)<\/td>\n<\/tr>\n<tr>\n<td style=\"border-bottom: 1px solid black; text-align: center;\" align=\"right\">7.<\/td>\n<td style=\"border-bottom: 1px solid black;\" align=\"left\">Augusztus 15.<\/td>\n<td style=\"border-bottom: 1px solid black;\" align=\"left\">Bag\u00f3hegyi b\u00facs\u00fa:Nagyboldogasszony ut\u00e1ni vas\u00e1rnap12 \u00f3ra<\/td>\n<\/tr>\n<tr>\n<td style=\"border-bottom: 1px solid black;\" align=\"right\">8.<\/td>\n<td style=\"border-bottom: 1px solid black;\" align=\"left\">Szeptember 12.<\/td>\n<td style=\"border-bottom: 1px solid black;\" align=\"left\">Cserf\u0151i 2. b\u00facs\u00fa:Sz\u0171zanya nev\u00e9nek \u00fcnnepe ut\u00e1ni vas\u00e1rnap (12 \u00f3ra)<\/td>\n<\/tr>\n<tr>\n<td style=\"border-bottom: 1px solid black;\" align=\"right\">9.<\/td>\n<td style=\"border-bottom: 1px solid black;\" align=\"left\">Szeptember 28.<\/td>\n<td style=\"border-bottom: 1px solid black;\" align=\"left\">\u00d6r\u00f6k\u00f6s r\u00f3zsaf\u00fcz\u00e9res nap<\/td>\n<\/tr>\n<tr>\n<td style=\"border-bottom: 1px solid black;\" align=\"right\">10.<\/td>\n<td style=\"border-bottom: 1px solid black;\" align=\"left\">Okt\u00f3ber 4.<\/td>\n<td style=\"border-bottom: 1px solid black;\" align=\"left\">Assisi Szent Ferenc (Nem \u00fcnnepelj\u00fck)<\/td>\n<\/tr>\n<tr>\n<td style=\"border-bottom: 1px solid black;\" align=\"right\">11.<\/td>\n<td style=\"border-bottom: 1px solid black;\" align=\"left\">Okt\u00f3ber 20.<\/td>\n<td style=\"border-bottom: 1px solid black;\" align=\"left\">Szent Vendel (Nem \u00fcnnepelj\u00fck)<\/td>\n<\/tr>\n<tr>\n<td style=\"border-bottom: 1px solid black;\" align=\"right\">12.<\/td>\n<td style=\"border-bottom: 1px solid black;\" align=\"left\">Advent I. vas\u00e1rnapja<\/td>\n<td style=\"border-bottom: 1px solid black;\" align=\"left\">Szents\u00e9gim\u00e1d\u00e1si nap Vas\u00e1rnap<\/td>\n<\/tr>\n<\/tbody>\n<\/table>\n<p>&nbsp;<\/p>\n","protected":false},"excerpt":{"rendered":"<p>1. Janu\u00e1r 20. Szent F\u00e1bi\u00e1n \u00e9s Sebesty\u00e9n (Nem \u00fcnnepelj\u00fck) 2. M\u00e1jus 4. Szent Fl\u00f3ri\u00e1n napj\u00e1n este 7 \u00f3ra 3. \u00c1ldoz\u00f3cs\u00fct\u00f6rt\u00f6k F\u00f6rh\u00e9nci 1. b\u00facs\u00fa: Mennybemenetel vas\u00e1rnapja (12 \u00f3ra) 4. J\u00falius 2. Sarl\u00f3s Boldogasszony ut\u00e1ni vas\u00e1rnap 5. J\u00falius 26. Cserf\u0151i 1 b\u00facs\u00fa Szent Anna ut\u00e1ni vas\u00e1rnap (12 \u00f3ra) 6. Augusztus 6. F\u00f6rh\u00e9nci 2. b\u00facs\u00fa Urunk sz\u00ednev\u00e1ltoz\u00e1sa ut\u00e1ni&#8230;&nbsp;(<a href=\"https:\/\/kiskanizsa.plebania.hu\/?page_id=53\">Tov\u00e1bb<\/a>)<\/p>\n","protected":false},"author":1,"featured_media":0,"parent":0,"menu_order":0,"comment_status":"closed","ping_status":"closed","template":"","meta":{"ngg_post_thumbnail":0,"footnotes":""},"class_list":["post-53","page","type-page","status-publish","hentry"],"_links":{"self":[{"href":"https:\/\/kiskanizsa.plebania.hu\/index.php?rest_route=\/wp\/v2\/pages\/53","targetHints":{"allow":["GET"]}}],"collection":[{"href":"https:\/\/kiskanizsa.plebania.hu\/index.php?rest_route=\/wp\/v2\/pages"}],"about":[{"href":"https:\/\/kiskanizsa.plebania.hu\/index.php?rest_route=\/wp\/v2\/types\/page"}],"author":[{"embeddable":true,"href":"https:\/\/kiskanizsa.plebania.hu\/index.php?rest_route=\/wp\/v2\/users\/1"}],"replies":[{"embeddable":true,"href":"https:\/\/kiskanizsa.plebania.hu\/index.php?rest_route=%2Fwp%2Fv2%2Fcomments&post=53"}],"version-history":[{"count":16,"href":"https:\/\/kiskanizsa.plebania.hu\/index.php?rest_route=\/wp\/v2\/pages\/53\/revisions"}],"predecessor-version":[{"id":5187,"href":"https:\/\/kiskanizsa.plebania.hu\/index.php?rest_route=\/wp\/v2\/pages\/53\/revisions\/5187"}],"wp:attachment":[{"href":"https:\/\/kiskanizsa.plebania.hu\/index.php?rest_route=%2Fwp%2Fv2%2Fmedia&parent=53"}],"curies":[{"name":"wp","href":"https:\/\/api.w.org\/{rel}","templated":true}]}}