{"id":55,"date":"2012-09-29T12:33:51","date_gmt":"2012-09-29T10:33:51","guid":{"rendered":"http:\/\/kiskanizsa.plebania.hu\/?page_id=55"},"modified":"2012-10-13T13:45:15","modified_gmt":"2012-10-13T11:45:15","slug":"sarlos-boldogasszony-plebaniatemplom","status":"publish","type":"page","link":"https:\/\/kiskanizsa.plebania.hu\/?page_id=55","title":{"rendered":"Sarl\u00f3s Boldogasszony Pl\u00e9b\u00e1niatemplom"},"content":{"rendered":"<p style=\"text-align: justify;\" align=\"center\"><a href=\"http:\/\/kiskanizsa.plebania.hu\/wp-content\/uploads\/2012\/09\/SBP_003.jpg\"><img loading=\"lazy\" decoding=\"async\" class=\"alignleft  wp-image-471\" title=\"Sarl\u00f3s Boldogasszony templom\" src=\"http:\/\/kiskanizsa.plebania.hu\/wp-content\/uploads\/2012\/09\/SBP_003.jpg\" alt=\"Sarl\u00f3s Boldogasszony templom\" width=\"242\" height=\"182\" srcset=\"https:\/\/kiskanizsa.plebania.hu\/wp-content\/uploads\/2012\/09\/SBP_003.jpg 1200w, https:\/\/kiskanizsa.plebania.hu\/wp-content\/uploads\/2012\/09\/SBP_003-300x225.jpg 300w, https:\/\/kiskanizsa.plebania.hu\/wp-content\/uploads\/2012\/09\/SBP_003-1024x768.jpg 1024w, https:\/\/kiskanizsa.plebania.hu\/wp-content\/uploads\/2012\/09\/SBP_003-150x112.jpg 150w\" sizes=\"auto, (max-width: 242px) 100vw, 242px\" \/><\/a>\u00a0\u00a0\u00a0\u00a0\u00a0\u00a0\u00a0\u00a0A jelenlegi templom hely\u00e9n temet\u0151k\u00e1polna \u00e1llott, s a nyilv\u00e1nos k\u00e1poln\u00e1t a kisebbik, az egykoron Nyugatinak mondott Kanizs\u00e1n a v\u00e1ros dombocsk\u00e1j\u00e1nak t\u0171zvesz\u00e9lyt\u0151l \u00e9s v\u00edz\u00e1rad\u00e1st\u00f3l biztos hely\u00e9n, \u00e9s \u00e9szak fel\u00e9 helyezetten, 1716 ban a v\u00e1ros k\u00f6z\u00f6ns\u00e9ge emeltette a l\u00e1togat\u00e1st tev\u0151 Szent Sz\u0171z M\u00e1ria (Sarl\u00f3s Boldogasszony) tisztelet\u00e9re. Tart\u00f3s anyagb\u00f3l er\u0151s falai voltak, cser\u00e9ppel volt fedve, s ugyancsak tart\u00f3s anyagb\u00f3l val\u00f3 tornya volt, a kupf\u00f6delet feh\u00e9r b\u00e1dog fedte. N\u00e9gy harangja volt, egy 557, egy 407, egy 240 \u00e9s egy 103 fontos (=31 1,92, ill. 227,92, ill. 134,4, ill. 57,68 kg.) E k\u00e1poln\u00e1nak volt k\u00f3rusa \u00e9s sekresty\u00e9je tart\u00f3s anyagb\u00f3l, valamint deszk\u00e1b\u00f3l k\u00e9sz\u00fclt \u00e9s lefestett sz\u00f3sz\u00e9ke. Keresztel\u0151k\u00fatja \u00e9s kript\u00e1ja nem volt. Fenntart\u00e1si alapk\u00e9nt 3 sz\u00e1nt\u00f3ja volt e k\u00e1poln\u00e1nak, valamint bev\u00e9telei voltak kegyes felaj\u00e1nl\u00e1sokb\u00f3l \u00e9s a perselyb\u0151l, tov\u00e1bb\u00e1 3 sz\u00e1nt\u00f3ja k\u00f6z\u00fcl 3 a v\u00e1ros k\u00f6z\u00f6ns\u00e9g\u00e9nek b\u00e9rbe volt adva. A visitatios jegyz\u0151k\u00f6nyv a tulajdonosaik neve megad\u00e1s\u00e1val jel\u00f6li meg a k\u00e1polna sz\u00e1nt\u00f3ival szomsz\u00e9dos f\u00f6ldeket. K\u00e9t templomgondnok volt, akik a templom j\u00f6vedelmeit kezelt\u00e9k, s akik a v\u00e1rosb\u00edr\u00f3nak \u00e9s a pl\u00e9b\u00e1niavezet\u0151nek sz\u00e1moltak el. Ebben a k\u00e1poln\u00e1ban csak az \u00fajhold ut\u00e1ni vas\u00e1rnapokon volt istentisztelet. Akkor, amikor a n\u00e9pess\u00e9g sz\u00e1ma nagyobb lesz, minden vas\u00e1rnapra \u00e9s \u00fcnnepnapra elrendelte a p\u00fcsp\u00f6k az istentisztelet tart\u00e1st.<strong> <\/strong>A <strong>canonica visitatio<\/strong> jegyz\u0151k\u00f6nyveiben a k\u00e1poln\u00e1kkal azonos \u00a7-ban szerepl\u0151\u00a0orat\u00f3riumokr\u00f3l<strong>\u00a0<\/strong>azt olvassuk, hogy a kanizsai pl\u00e9b\u00e1nia illet\u00e9kess\u00e9gi ter\u00fclet\u00e9n a m\u00e1gn\u00e1sok \u00e9s nemesek egyik\u00e9nek sincs mag\u00e1norat\u00f3riuma. E t\u00e9ny mellett azonban fenn\u00e1llott az, hogy a piarista aty\u00e1knak volt orat\u00f3riumuk, amelyben meghat\u00e1rozott napokon t\u00f6rt\u00e9n\u0151 misebemutat\u00e1shoz sz\u00fcks\u00e9ges lehet\u0151s\u00e9ggel, enged\u00e9llyel rendesen el voltak l\u00e1tva.<\/p>\n<p style=\"text-align: center;\" align=\"center\"><a href=\"http:\/\/kiskanizsa.plebania.hu\/wp-content\/uploads\/2012\/09\/regi-templom.png\"><img loading=\"lazy\" decoding=\"async\" class=\"aligncenter  wp-image-57\" title=\"SARL\u00d3S BOLDOGASSZONY PL\u00c9B\u00c1NIATEMPLOM\" src=\"http:\/\/kiskanizsa.plebania.hu\/wp-content\/uploads\/2012\/09\/regi-templom.png\" alt=\"SARL\u00d3S BOLDOGASSZONY PL\u00c9B\u00c1NIATEMPLOM\" width=\"482\" height=\"323\" srcset=\"https:\/\/kiskanizsa.plebania.hu\/wp-content\/uploads\/2012\/09\/regi-templom.png 803w, https:\/\/kiskanizsa.plebania.hu\/wp-content\/uploads\/2012\/09\/regi-templom-300x201.png 300w, https:\/\/kiskanizsa.plebania.hu\/wp-content\/uploads\/2012\/09\/regi-templom-150x100.png 150w\" sizes=\"auto, (max-width: 482px) 100vw, 482px\" \/><\/a><\/p>\n<p style=\"text-align: center;\" align=\"center\"><a href=\"http:\/\/kiskanizsa.plebania.hu\/wp-content\/uploads\/2012\/09\/oltar1.png\"><img loading=\"lazy\" decoding=\"async\" class=\"aligncenter  wp-image-58\" title=\"Ferences Pl\u00e9b\u00e1niatemplom f\u0151olt\u00e1ra\" src=\"http:\/\/kiskanizsa.plebania.hu\/wp-content\/uploads\/2012\/09\/oltar1.png\" alt=\"Ferences Pl\u00e9b\u00e1niatemplom f\u0151olt\u00e1ra\" width=\"361\" height=\"545\" srcset=\"https:\/\/kiskanizsa.plebania.hu\/wp-content\/uploads\/2012\/09\/oltar1.png 601w, https:\/\/kiskanizsa.plebania.hu\/wp-content\/uploads\/2012\/09\/oltar1-198x300.png 198w, https:\/\/kiskanizsa.plebania.hu\/wp-content\/uploads\/2012\/09\/oltar1-99x150.png 99w\" sizes=\"auto, (max-width: 361px) 100vw, 361px\" \/><\/a><\/p>\n<p style=\"text-align: center;\" align=\"center\">\n<p style=\"text-align: justify;\">\u00a0\u00a0\u00a0\u00a0\u00a0\u00a0\u00a0\u00a0A fent eml\u00edtett k\u00e1poln\u00e1t annak le\u00e9g\u00e9se ut\u00e1n \u00fajj\u00e1\u00e9p\u00edtett\u00e9k, de csakhamar kicsinynek bizonyult, s ez\u00e9rt \u00faj templom \u00e9p\u00edt\u00e9s\u00e9t hat\u00e1rozt\u00e1k el. Az 1761: \u00e9p\u00fclt temet\u0151k\u00e1poln\u00e1t szent\u00e9lyk\u00e9nt megtartva 1872: Sarl\u00f3s Boldogasszony templomot \u00e9p\u00edtettek, s az 1870-80-as \u00e9vek sokat foglalkoztatott helyi \u00e9p\u00edt\u0151mester\u00e9t, Hencz Antalt b\u00edzt\u00e1k meg a v\u00e1rosi b\u00e9rh\u00e1z ut\u00e1n a kiskanizsai templom \u00e9p\u00edt\u00e9s\u00e9vel is. A tervez\u0151 neve a lev\u00e9lt\u00e1ri forr\u00e1sokban s a Zalai K\u00f6zl\u00f6nyben megjelent tud\u00f3s\u00edt\u00e1sokban nincs k\u00fcl\u00f6n felt\u00fcntetve. Hencz Antal \u201e\u00e9p\u00edt\u00e9sz&#8221; a templom \u201e\u00e9p\u00edt\u0151jek\u00e9nt&#8221; szerepel, nem lehet biztosan tudni, hogy a kivitelez\u00e9s mellett \u0151 volt-e az \u00e9p\u00fclet tervez\u0151je is. A kiskanizsai templom m\u00e1r a XIX. sz\u00e1zad els\u0151 harmad\u00e1ban sz\u0171knek bizonyult, 1826-ban 50 ezer t\u00e9gl\u00e1t \u00e9gettek megnagyobb\u00edt\u00e1s\u00e1ra. 1835-ben, majd k\u00e9t \u00e9v m\u00falva is hat\u00e1rozatot hoztak az \u00e9p\u00edtkez\u00e9sr\u0151l, de csak akkor val\u00f3sulhatott meg, mikor Kiskanizsa k\u00fcl\u00f6nv\u00e1lt Nagykanizs\u00e1t\u00f3l, s \u00f6n\u00e1ll\u00f3 mez\u0151v\u00e1rosk\u00e9nt az egyik legjelent\u0151sebb v\u00e1llalkoz\u00e1sa az \u00faj templom \u00e9p\u00edt\u00e9se volt (BARBARITS 1929, 243). A nagy- \u00e9s kiskanizsai tagokb\u00f3l \u00e1ll\u00f3 k\u00f6z\u00f6s \u00fcgyi bizottm\u00e1ny 1872-ben a v\u00e1rosh\u00e1za \u00e9s a kiskanizsai templom jav\u00e1ra 125 ezer forint k\u00f6lcs\u00f6n felv\u00e9tel\u00e9t hat\u00e1rozta el.33 1872 okt\u00f3ber\u00e9ben a Zala-Somogyi K\u00f6zl\u00f6ny tud\u00f3s\u00edt\u00f3ja m\u00e1r arr\u00f3l sz\u00e1molt be, hogy az \u00e9p\u00edtkez\u00e9s j\u00f3 \u00fctemben haladt, azonban a tornyot alacsonynak tal\u00e1lt\u00e1k, s elhat\u00e1rozt\u00e1k, hogy \u201efeljebb emeltetik, s \u00edgy 18 helyett 20 \u00f6l leend&#8221;. Az \u00e9p\u00fcletet v\u00e9g\u00fcl 1874. j\u00falius 5-\u00e9n szentelt\u00e9k fel 34 Kiskanizsa &#8211; 4 \u00e9ves, 1000 forintos r\u00e9szletekben t\u00f6rt\u00e9n\u0151 fizet\u00e9ssel &#8211; r\u00e9szletfizet\u00e9si szerz\u0151d\u00e9st k\u00f6t\u00f6tt Hencz Antallal, de neh\u00e9z p\u00e9nz\u00fcgyi helyzete miatt ezt a v\u00e1llal\u00e1s\u00e1t sem tudta teljes\u00edteni. 1875 augusztus\u00e1ban az \u00e9p\u00edt\u00e9sznek lev\u00e9lben kellett figyelmeztetnie a \u201ev\u00e1rosi hat\u00f3s\u00e1got&#8221; a r\u00e9szlet s a kamat fizet\u00e9s\u00e9re. Kiskanizs\u00e1t els\u0151sorban anyagi terhei, ad\u00f3ss\u00e1gai \u00e1ll\u00edtott\u00e1k k\u00e9nyszerhelyzet el\u00e9, s k\u00e9rte v\u00e9g\u00fcl visszacsatlakoz\u00e1s\u00e1t Nagykanizs\u00e1hoz.<\/p>\n<p style=\"text-align: justify;\">\u00a0\u00a0\u00a0\u00a0\u00a0\u00a0\u00a0\u00a0Az egyik ilyen s\u00fcrget\u0151 ad\u00f3ss\u00e1ga \u00e9pp a templom\u00e9p\u00edt\u00e9s\u00e9rt fizetend\u0151 \u00f6sszeg volt. Az ad\u00f3ss\u00e1g \u201et\u00f6rleszt\u00e9si terminus\u00e1n j\u00falius 1-\u00e9n (1878) pedig v\u00e9grehajt\u00f3k jelentek meg az ad\u00f3slev\u00e9l kezesein\u00e9l \u00e9s az 1000 forintos els\u0151 r\u00e9szletet exekucio \u00fatj\u00e1n k\u00edm\u00e9let n\u00e9lk\u00fcl <em>Kunics Zsuzsa <\/em>behajtott\u00e1k. Egyetlen dar\u00e1zsf\u00e9szek lett ezen a napon Kiskanizsa.&#8221; (BARBARITS 1929, 106) Nem sokkal ezut\u00e1n, az 1878. okt\u00f3ber 13-ra \u00f6sszeh\u00edvott n\u00e9pgy\u0171l\u00e9sen kimondt\u00e1k az \u00fajraegyes\u00fcl\u00e9st, melyet hivatalosan 1880-ban\u00a0hagytak j\u00f3v\u00e1.<\/p>\n","protected":false},"excerpt":{"rendered":"<p>\u00a0\u00a0\u00a0\u00a0\u00a0\u00a0\u00a0\u00a0A jelenlegi templom hely\u00e9n temet\u0151k\u00e1polna \u00e1llott, s a nyilv\u00e1nos k\u00e1poln\u00e1t a kisebbik, az egykoron Nyugatinak mondott Kanizs\u00e1n a v\u00e1ros dombocsk\u00e1j\u00e1nak t\u0171zvesz\u00e9lyt\u0151l \u00e9s v\u00edz\u00e1rad\u00e1st\u00f3l biztos hely\u00e9n, \u00e9s \u00e9szak fel\u00e9 helyezetten, 1716 ban a v\u00e1ros k\u00f6z\u00f6ns\u00e9ge emeltette a l\u00e1togat\u00e1st tev\u0151 Szent Sz\u0171z M\u00e1ria (Sarl\u00f3s Boldogasszony) tisztelet\u00e9re. Tart\u00f3s anyagb\u00f3l er\u0151s falai voltak, cser\u00e9ppel volt fedve, s ugyancsak tart\u00f3s&#8230;&nbsp;(<a href=\"https:\/\/kiskanizsa.plebania.hu\/?page_id=55\">Tov\u00e1bb<\/a>)<\/p>\n","protected":false},"author":1,"featured_media":0,"parent":0,"menu_order":0,"comment_status":"closed","ping_status":"closed","template":"","meta":{"ngg_post_thumbnail":0,"footnotes":""},"class_list":["post-55","page","type-page","status-publish","hentry"],"_links":{"self":[{"href":"https:\/\/kiskanizsa.plebania.hu\/index.php?rest_route=\/wp\/v2\/pages\/55","targetHints":{"allow":["GET"]}}],"collection":[{"href":"https:\/\/kiskanizsa.plebania.hu\/index.php?rest_route=\/wp\/v2\/pages"}],"about":[{"href":"https:\/\/kiskanizsa.plebania.hu\/index.php?rest_route=\/wp\/v2\/types\/page"}],"author":[{"embeddable":true,"href":"https:\/\/kiskanizsa.plebania.hu\/index.php?rest_route=\/wp\/v2\/users\/1"}],"replies":[{"embeddable":true,"href":"https:\/\/kiskanizsa.plebania.hu\/index.php?rest_route=%2Fwp%2Fv2%2Fcomments&post=55"}],"version-history":[{"count":6,"href":"https:\/\/kiskanizsa.plebania.hu\/index.php?rest_route=\/wp\/v2\/pages\/55\/revisions"}],"predecessor-version":[{"id":379,"href":"https:\/\/kiskanizsa.plebania.hu\/index.php?rest_route=\/wp\/v2\/pages\/55\/revisions\/379"}],"wp:attachment":[{"href":"https:\/\/kiskanizsa.plebania.hu\/index.php?rest_route=%2Fwp%2Fv2%2Fmedia&parent=55"}],"curies":[{"name":"wp","href":"https:\/\/api.w.org\/{rel}","templated":true}]}}