{"id":61,"date":"2012-09-29T12:34:36","date_gmt":"2012-09-29T10:34:36","guid":{"rendered":"http:\/\/kiskanizsa.plebania.hu\/?page_id=61"},"modified":"2012-11-01T19:08:03","modified_gmt":"2012-11-01T18:08:03","slug":"harangok","status":"publish","type":"page","link":"https:\/\/kiskanizsa.plebania.hu\/?page_id=61","title":{"rendered":"Harangok"},"content":{"rendered":"<p style=\"text-align: justify;\">\u00a0 \u00a0 Az 1981-\u00e9vi egyh\u00e1zmegyei Hat\u00f3s\u00e1g rendelet\u00e9re 1982. m\u00e1jus 27-\u00e9n t\u00f6rt\u00e9n\u0151 felm\u00e9r\u00e9s (Erd\u0151s G\u00e9za pl\u00e9b\u00e1nos idej\u00e9ben) szerint a kiskanizsai templomnak 3 harangja van. Mindh\u00e1rom harang a toronyban tal\u00e1lhat\u00f3 \u00e9s Slez\u00e1k L\u00e1szl\u00f3 harang\u00f6nt\u0151 mester \u00f6nt\u00f6tte Budapesten. <\/p>\n<p style=\"text-align: left;margin-bottom:5px;\"><strong>A harangok nagys\u00e1ga:<\/strong><\/p>\n<p style=\"text-align: left;margin-bottom:5px;\">1.) 4500-5000 kg.<\/p>\n<p style=\"text-align: left;margin-bottom:5px;\">2.) 350-400 kg. <\/p>\n<p style=\"text-align: left;\">3.) 80-100 kg.<\/p>\n<p style=\"text-align: left;margin-bottom:5px;\"><strong>A harangok felirata<\/strong>:<\/p>\n<p style=\"text-align: left;\">1.) <em><br \/>\n&#8222;Az eucharisztikus Krisztus Kir\u00e1ly dics\u0151s\u00e9g\u00e9re, Szent Istv\u00e1n kir\u00e1ly hal\u00e1l\u00e1nak 900 \u00e9ves jubileuma eml\u00e9k\u00e9re \u00f6ntett\u00e9k a kiskanizsai h\u00edvek Sarl\u00f3 Boldogasszony templomunk v\u00e9d\u0151szentj\u00e9nek eml\u00e9k\u00e9re k\u00f6zadakoz\u00e1sb\u00f3l.&#8221; <\/em><\/p>\n<p style=\"text-align: left;\"><em>P. Hajnal Z\u00e9n\u00f3 lelk\u00e9sz \u00e9s Andreska Felici\u00e1n hitoktat\u00f3 idej\u00e9ben.<\/em><\/p>\n<p style=\"text-align: left;\"><em>Nagyobb adakoz\u00f3k: Szomol\u00e1nyi Gyula \u00e9s neje 100 P; Bagonyai L\u00e1szl\u00f3 templom-atya, Hajd\u00fa Ferenc, Orsz\u00e1g Gy\u00f6rgy, olt. egylet, Misszi\u00f3sle\u00e1nyegylet, Kat. IFJ. egyes\u00fclet 100-100 P. Bagonyai J\u00f3zsef, Bagonyai Gy\u00f6rgy, Knausz J\u00f3zsef, \u00f6zv. Varga Ferencn\u00e9, Sz\u00edvg\u00e1rda, \u00f6zv. Bolf Ferencn\u00e9, sz\u00fcl. R\u00f3zsa Roz\u00e1lia, Dr. Szab\u00f3 Istv\u00e1n 50-50 P.<\/em><\/p>\n<p style=\"text-align: left;\"><em>\u00d6nt\u00f6tte Slez\u00e1k L\u00e1szl\u00f3 Magyarorsz\u00e1g aranykoszor\u00fas harang\u00f6nt\u0151 mester Budapesten 1939.\u201d<\/em><\/p>\n<table style=\"width: 600px;\" align=\"center\">\n<tbody>\n<tr>\n<td align=\"left\">Hol vagy Istv\u00e1n Kir\u00e1ly<br \/>\nT\u00e9ged magyar k\u00edv\u00e1n<br \/>\nGy\u00e1szos \u00f6lt\u00f6zetben<br \/>\nTe el\u0151tted s\u00edrv\u00e1n!<\/td>\n<td><\/td>\n<td align=\"left\">Sarl\u00f3s Boldogasszony Templomunk<br \/>\nv\u00e9d\u0151szentje<br \/>\nK\u00f6ny\u00f6r\u00f6gj \u00e9rt\u00fcnk!<\/td>\n<\/tr>\n<\/tbody>\n<\/table>\n<p style=\"text-align: left;\">2<em>.) <\/em><br \/><em>&#8222;Isten dics\u0151s\u00e9g\u00e9re, Szent Antal tisztelet\u00e9re \u00f6ntette a kiskanizsai buzg\u00f3 h\u00edvek k\u00f6zadakoz\u00e1s\u00e1b\u00f3l Slez\u00e1k L\u00e1szl\u00f3 harang\u00f6nt\u0151 \u00e1ltal Budapesten 1922.&#8221;<\/em><\/p>\n<p style=\"text-align: left;\"><em>3<\/em>.)<br \/>Ezen ugyanaz a felirat van, mint a k\u00f6z\u00e9ps\u0151n.<\/p>\n","protected":false},"excerpt":{"rendered":"<p>\u00a0 \u00a0 Az 1981-\u00e9vi egyh\u00e1zmegyei Hat\u00f3s\u00e1g rendelet\u00e9re 1982. m\u00e1jus 27-\u00e9n t\u00f6rt\u00e9n\u0151 felm\u00e9r\u00e9s (Erd\u0151s G\u00e9za pl\u00e9b\u00e1nos idej\u00e9ben) szerint a kiskanizsai templomnak 3 harangja van. Mindh\u00e1rom harang a toronyban tal\u00e1lhat\u00f3 \u00e9s Slez\u00e1k L\u00e1szl\u00f3 harang\u00f6nt\u0151 mester \u00f6nt\u00f6tte Budapesten. A harangok nagys\u00e1ga: 1.) 4500-5000 kg. 2.) 350-400 kg. 3.) 80-100 kg. A harangok felirata: 1.) &#8222;Az eucharisztikus Krisztus Kir\u00e1ly&#8230;&nbsp;(<a href=\"https:\/\/kiskanizsa.plebania.hu\/?page_id=61\">Tov\u00e1bb<\/a>)<\/p>\n","protected":false},"author":1,"featured_media":0,"parent":0,"menu_order":0,"comment_status":"closed","ping_status":"closed","template":"","meta":{"ngg_post_thumbnail":0,"footnotes":""},"class_list":["post-61","page","type-page","status-publish","hentry"],"_links":{"self":[{"href":"https:\/\/kiskanizsa.plebania.hu\/index.php?rest_route=\/wp\/v2\/pages\/61","targetHints":{"allow":["GET"]}}],"collection":[{"href":"https:\/\/kiskanizsa.plebania.hu\/index.php?rest_route=\/wp\/v2\/pages"}],"about":[{"href":"https:\/\/kiskanizsa.plebania.hu\/index.php?rest_route=\/wp\/v2\/types\/page"}],"author":[{"embeddable":true,"href":"https:\/\/kiskanizsa.plebania.hu\/index.php?rest_route=\/wp\/v2\/users\/1"}],"replies":[{"embeddable":true,"href":"https:\/\/kiskanizsa.plebania.hu\/index.php?rest_route=%2Fwp%2Fv2%2Fcomments&post=61"}],"version-history":[{"count":25,"href":"https:\/\/kiskanizsa.plebania.hu\/index.php?rest_route=\/wp\/v2\/pages\/61\/revisions"}],"predecessor-version":[{"id":1425,"href":"https:\/\/kiskanizsa.plebania.hu\/index.php?rest_route=\/wp\/v2\/pages\/61\/revisions\/1425"}],"wp:attachment":[{"href":"https:\/\/kiskanizsa.plebania.hu\/index.php?rest_route=%2Fwp%2Fv2%2Fmedia&parent=61"}],"curies":[{"name":"wp","href":"https:\/\/api.w.org\/{rel}","templated":true}]}}