{"id":74,"date":"2012-09-29T13:11:22","date_gmt":"2012-09-29T11:11:22","guid":{"rendered":"http:\/\/kiskanizsa.plebania.hu\/?page_id=74"},"modified":"2012-11-01T19:16:36","modified_gmt":"2012-11-01T18:16:36","slug":"szent-florian-kapolna","status":"publish","type":"page","link":"https:\/\/kiskanizsa.plebania.hu\/?page_id=74","title":{"rendered":"Szent Fl\u00f3ri\u00e1n k\u00e1polna"},"content":{"rendered":"<table width=\"650\">\n<tbody>\n<tr>\n<td align=\"center\" width=\"325\"><a href=\"http:\/\/kiskanizsa.plebania.hu\/wp-content\/uploads\/2012\/09\/szent_florian.png\"><img loading=\"lazy\" decoding=\"async\" class=\"wp-image-75\" title=\"Szent Fl\u00f3ri\u00e1n\" src=\"http:\/\/kiskanizsa.plebania.hu\/wp-content\/uploads\/2012\/09\/szent_florian.png\" alt=\"Szent Fl\u00f3ri\u00e1n\" width=\"278\" height=\"317\" srcset=\"https:\/\/kiskanizsa.plebania.hu\/wp-content\/uploads\/2012\/09\/szent_florian.png 463w, https:\/\/kiskanizsa.plebania.hu\/wp-content\/uploads\/2012\/09\/szent_florian-263x300.png 263w, https:\/\/kiskanizsa.plebania.hu\/wp-content\/uploads\/2012\/09\/szent_florian-131x150.png 131w\" sizes=\"auto, (max-width: 278px) 100vw, 278px\" \/><\/a><\/td>\n<td>\n<h3 style=\"text-align: center;margin-bottom:25px;margin-top:20px;\"><strong>Szent Fl\u00f3ri\u00e1n<\/strong><\/h3>\n<p style=\"text-align: justify;\">\u00a0\u00a0\u00a0\u00a0Florianus, a R\u00f3mai Birodalom hivatalnokak\u00e9nt, a III. sz-ban \u00e9lt a mai N\u00e9metorsz\u00e1g ter\u00fclet\u00e9n.<\/p>\n<p style=\"text-align: justify;\">\u00a0\u00a0\u00a0\u00a0V\u00e9rtan\u00fas\u00e1ga \u00e9s a nev\u00e9hez k\u00f6t\u0151d\u0151 csod\u00e1k miatt m\u00e1r a k\u00f6z\u00e9pkorban a t\u0171zolt\u00f3k \u00e9s a t\u00fczes szakm\u00e1k v\u00e9d\u0151szentjek\u00e9nt tisztelt\u00e9k.<\/p>\n<p style=\"text-align: justify;\">\u00a0\u00a0\u00a0\u00a0Szent Fl\u00f3ri\u00e1n a t\u0171zolt\u00f3 hivat\u00e1s l\u00e9nyeg\u00e9t testes\u00edti meg: az \u00e1llhatatoss\u00e1got, b\u00e1tors\u00e1got, becs\u00fcletet, embert\u00e1rsaik megseg\u00edt\u00e9s\u00e9t \u00e9s az \u00f6nfel\u00e1ldoz\u00e1st.<\/p>\n<\/td>\n<\/tr>\n<tr>\n<td style=\"border-top: 1px solid gray;\">\n<h3 style=\"text-align: center;margin-bottom:25px;margin-top:20px;\"><strong>Fl\u00f3ri\u00e1n k\u00e1polna<\/strong><\/h3>\n<p style=\"text-align: justify;\">\u00a0\u00a0\u00a0\u00a0Az egyh\u00e1zi jelleg\u0171 \u00e9p\u00edtm\u00e9nyek k\u00f6z\u00fcl az 1867-ben felszentelt Szent Fl\u00f3ri\u00e1n k\u00e1poln\u00e1t kell kiemelni, mely a Kicsiny, el\u00f6l nyitott, feh\u00e9rre meszelt, l\u00e9cajt\u00f3s k\u00e1polnaf\u00fclke fel\u00fcl l\u00e9cr\u00e1ccsal ell\u00e1tott szell\u0151z\u0151vel, nyitott harangtornyocsk\u00e1val. 1952-ben a f\u00e1b\u00f3l faragott Szent Fl\u00f3ri\u00e1n szobor m\u00e1r hi\u00e1nyzott bel\u0151le, helyette a szentet \u00e1br\u00e1zol\u00f3 olajfestm\u00e9nyt tal\u00e1ltunk a falon, s\u00a0v\u00e1z\u00e1kban\u00a0sok vir\u00e1got. Az 1973-ban v\u00e9gzett felm\u00e9r\u00e9s idej\u00e9n nagyon rossz \u00e1llapotban volt (l\u00e1sd 9. felm\u00e9r\u00e9si lap), \u00e1m a k\u00f6zelm\u00faltban tatarozt\u00e1k. Feh\u00e9rre meszelt, m\u0171eml\u00e9k jelleg\u0171 \u00e9p\u00edtm\u00e9ny.<\/p>\n<\/td>\n<td style=\"border-top: 1px solid gray;\"><a href=\"http:\/\/kiskanizsa.plebania.hu\/wp-content\/uploads\/2012\/09\/florian-kapolna.png\"><img loading=\"lazy\" decoding=\"async\" class=\"aligncenter  wp-image-78\" title=\"Fl\u00f3ri\u00e1n k\u00e1polna\" src=\"http:\/\/kiskanizsa.plebania.hu\/wp-content\/uploads\/2012\/09\/florian-kapolna.png\" alt=\"Fl\u00f3ri\u00e1n k\u00e1polna\" width=\"299\" height=\"374\" srcset=\"https:\/\/kiskanizsa.plebania.hu\/wp-content\/uploads\/2012\/09\/florian-kapolna.png 498w, https:\/\/kiskanizsa.plebania.hu\/wp-content\/uploads\/2012\/09\/florian-kapolna-239x300.png 239w, https:\/\/kiskanizsa.plebania.hu\/wp-content\/uploads\/2012\/09\/florian-kapolna-119x150.png 119w\" sizes=\"auto, (max-width: 299px) 100vw, 299px\" \/><\/a><\/td>\n<\/tr>\n<tr>\n<td style=\"border-top: 1px solid gray;\" align=\"center\" valign=\"center\"><a href=\"http:\/\/kiskanizsa.plebania.hu\/wp-content\/uploads\/2012\/09\/florian-kapolna_belseje.png\"><img loading=\"lazy\" decoding=\"async\" class=\" wp-image-79\" style=\"margin-top: 80px;\" title=\"A Szent Fl\u00f3ri\u00e1n k\u00e1polna belseje\" src=\"http:\/\/kiskanizsa.plebania.hu\/wp-content\/uploads\/2012\/09\/florian-kapolna_belseje.png\" alt=\"A Szent Fl\u00f3ri\u00e1n k\u00e1polna belseje\" width=\"312\" height=\"247\" srcset=\"https:\/\/kiskanizsa.plebania.hu\/wp-content\/uploads\/2012\/09\/florian-kapolna_belseje.png 446w, https:\/\/kiskanizsa.plebania.hu\/wp-content\/uploads\/2012\/09\/florian-kapolna_belseje-300x237.png 300w, https:\/\/kiskanizsa.plebania.hu\/wp-content\/uploads\/2012\/09\/florian-kapolna_belseje-150x118.png 150w\" sizes=\"auto, (max-width: 312px) 100vw, 312px\" \/><\/a><\/td>\n<td style=\"border-top: 1px solid gray;\">\n<h3 style=\"text-align: center;margin-bottom:25px;margin-top:20px;\"><strong>A Szent Fl\u00f3ri\u00e1n k\u00e1polna belseje<\/strong><\/h3>\n<p style=\"text-align: justify;\">\u00a0\u00a0\u00a0\u00a01773-ban a v\u00e1ros k\u00e9rte p\u00fcsp\u00f6k\u00e9t\u0151l \u00f6t v\u00e9d\u0151szentje kiv\u00e1laszt\u00e1s\u00e1nak j\u00f3v\u00e1hagy\u00e1s\u00e1t. B\u00e1r a k\u00e9r\u00e9st elutas\u00edtott\u00e1k, a kiskanizsaiak ett\u0151l kezdve \u201efogadott\u201d \u00fcnnep\u00fcknek tartott\u00e1k e szentek napjait.<\/p>\n<p style=\"text-align: justify;\">\u00a0\u00a0\u00a0\u00a0K\u00f6z\u00fcl\u00fck a t\u0171zt\u0151l \u00f3v\u00f3 Szent Fl\u00f3ri\u00e1n tisztelet\u00e9re 1867-ben szentelt\u00e9k fel e k\u00e1poln\u00e1t, helyet adva a szent szobr\u00e1nak. M\u00e1ra a k\u00e1polna eredeti berendez\u00e9se elpusztult.<\/p>\n<p style=\"text-align: justify;\">\u00a0\u00a0\u00a0\u00a0Az \u00e9p\u00edtkez\u00e9s id\u0151pontj\u00e1t magyar\u00e1zhatja, hogy 1865-ben (szeptember 18.) nagy t\u0171zv\u00e9sz puszt\u00edtott a v\u00e1rosr\u00e9szben, amelynek 140 h\u00e1z \u00e9s sok gazdas\u00e1gi \u00e9p\u00fclet lett \u00e1ldozata.<\/p>\n<\/td>\n<\/tr>\n<\/tbody>\n<\/table>\n","protected":false},"excerpt":{"rendered":"<p>Szent Fl\u00f3ri\u00e1n \u00a0\u00a0\u00a0\u00a0Florianus, a R\u00f3mai Birodalom hivatalnokak\u00e9nt, a III. sz-ban \u00e9lt a mai N\u00e9metorsz\u00e1g ter\u00fclet\u00e9n. \u00a0\u00a0\u00a0\u00a0V\u00e9rtan\u00fas\u00e1ga \u00e9s a nev\u00e9hez k\u00f6t\u0151d\u0151 csod\u00e1k miatt m\u00e1r a k\u00f6z\u00e9pkorban a t\u0171zolt\u00f3k \u00e9s a t\u00fczes szakm\u00e1k v\u00e9d\u0151szentjek\u00e9nt tisztelt\u00e9k. \u00a0\u00a0\u00a0\u00a0Szent Fl\u00f3ri\u00e1n a t\u0171zolt\u00f3 hivat\u00e1s l\u00e9nyeg\u00e9t testes\u00edti meg: az \u00e1llhatatoss\u00e1got, b\u00e1tors\u00e1got, becs\u00fcletet, embert\u00e1rsaik megseg\u00edt\u00e9s\u00e9t \u00e9s az \u00f6nfel\u00e1ldoz\u00e1st. Fl\u00f3ri\u00e1n k\u00e1polna \u00a0\u00a0\u00a0\u00a0Az egyh\u00e1zi jelleg\u0171&#8230;&nbsp;(<a href=\"https:\/\/kiskanizsa.plebania.hu\/?page_id=74\">Tov\u00e1bb<\/a>)<\/p>\n","protected":false},"author":1,"featured_media":0,"parent":0,"menu_order":0,"comment_status":"closed","ping_status":"closed","template":"","meta":{"ngg_post_thumbnail":0,"footnotes":""},"class_list":["post-74","page","type-page","status-publish","hentry"],"_links":{"self":[{"href":"https:\/\/kiskanizsa.plebania.hu\/index.php?rest_route=\/wp\/v2\/pages\/74","targetHints":{"allow":["GET"]}}],"collection":[{"href":"https:\/\/kiskanizsa.plebania.hu\/index.php?rest_route=\/wp\/v2\/pages"}],"about":[{"href":"https:\/\/kiskanizsa.plebania.hu\/index.php?rest_route=\/wp\/v2\/types\/page"}],"author":[{"embeddable":true,"href":"https:\/\/kiskanizsa.plebania.hu\/index.php?rest_route=\/wp\/v2\/users\/1"}],"replies":[{"embeddable":true,"href":"https:\/\/kiskanizsa.plebania.hu\/index.php?rest_route=%2Fwp%2Fv2%2Fcomments&post=74"}],"version-history":[{"count":38,"href":"https:\/\/kiskanizsa.plebania.hu\/index.php?rest_route=\/wp\/v2\/pages\/74\/revisions"}],"predecessor-version":[{"id":1433,"href":"https:\/\/kiskanizsa.plebania.hu\/index.php?rest_route=\/wp\/v2\/pages\/74\/revisions\/1433"}],"wp:attachment":[{"href":"https:\/\/kiskanizsa.plebania.hu\/index.php?rest_route=%2Fwp%2Fv2%2Fmedia&parent=74"}],"curies":[{"name":"wp","href":"https:\/\/api.w.org\/{rel}","templated":true}]}}