{"id":7620,"date":"2022-04-01T13:06:41","date_gmt":"2022-04-01T11:06:41","guid":{"rendered":"http:\/\/kiskanizsa.plebania.hu\/?page_id=7620"},"modified":"2022-12-16T13:41:39","modified_gmt":"2022-12-16T12:41:39","slug":"palyazat-alkateg","status":"publish","type":"page","link":"https:\/\/kiskanizsa.plebania.hu\/?page_id=7620","title":{"rendered":"TOP-7.1.1-16-H-ERFA-2020-00756"},"content":{"rendered":"\n<div class=\"wp-block-file\"><a href=\"http:\/\/kiskanizsa.plebania.hu\/wp-content\/uploads\/2022\/12\/Sajtokozlemeny.pdf\" target=\"_blank\" rel=\"noreferrer noopener\">Sajt\u00f3k\u00f6zlem\u00e9ny<\/a><a href=\"http:\/\/kiskanizsa.plebania.hu\/wp-content\/uploads\/2022\/12\/Sajtokozlemeny.pdf\" class=\"wp-block-file__button\" download>Let\u00f6lt\u00e9s<\/a><\/div>\n\n\n\n<figure class=\"wp-block-gallery columns-3 is-cropped wp-block-gallery-1 is-layout-flex wp-block-gallery-is-layout-flex\"><ul class=\"blocks-gallery-grid\"><li class=\"blocks-gallery-item\"><figure><a href=\"http:\/\/kiskanizsa.plebania.hu\/wp-content\/uploads\/2022\/12\/Kep1.jpg\"><img loading=\"lazy\" decoding=\"async\" width=\"1024\" height=\"768\" src=\"http:\/\/kiskanizsa.plebania.hu\/wp-content\/uploads\/2022\/12\/Kep1-1024x768.jpg\" alt=\"\" data-id=\"8157\" data-full-url=\"http:\/\/kiskanizsa.plebania.hu\/wp-content\/uploads\/2022\/12\/Kep1.jpg\" data-link=\"http:\/\/kiskanizsa.plebania.hu\/?attachment_id=8157\" class=\"wp-image-8157\" srcset=\"https:\/\/kiskanizsa.plebania.hu\/wp-content\/uploads\/2022\/12\/Kep1-1024x768.jpg 1024w, https:\/\/kiskanizsa.plebania.hu\/wp-content\/uploads\/2022\/12\/Kep1-300x225.jpg 300w, https:\/\/kiskanizsa.plebania.hu\/wp-content\/uploads\/2022\/12\/Kep1-768x576.jpg 768w, https:\/\/kiskanizsa.plebania.hu\/wp-content\/uploads\/2022\/12\/Kep1-150x113.jpg 150w, https:\/\/kiskanizsa.plebania.hu\/wp-content\/uploads\/2022\/12\/Kep1.jpg 1386w\" sizes=\"auto, (max-width: 1024px) 100vw, 1024px\" \/><\/a><\/figure><\/li><li class=\"blocks-gallery-item\"><figure><a href=\"http:\/\/kiskanizsa.plebania.hu\/wp-content\/uploads\/2022\/12\/Kep2.jpg\"><img loading=\"lazy\" decoding=\"async\" width=\"1024\" height=\"768\" src=\"http:\/\/kiskanizsa.plebania.hu\/wp-content\/uploads\/2022\/12\/Kep2-1024x768.jpg\" alt=\"\" data-id=\"8158\" data-full-url=\"http:\/\/kiskanizsa.plebania.hu\/wp-content\/uploads\/2022\/12\/Kep2.jpg\" data-link=\"http:\/\/kiskanizsa.plebania.hu\/?attachment_id=8158\" class=\"wp-image-8158\" srcset=\"https:\/\/kiskanizsa.plebania.hu\/wp-content\/uploads\/2022\/12\/Kep2-1024x768.jpg 1024w, https:\/\/kiskanizsa.plebania.hu\/wp-content\/uploads\/2022\/12\/Kep2-300x225.jpg 300w, https:\/\/kiskanizsa.plebania.hu\/wp-content\/uploads\/2022\/12\/Kep2-768x576.jpg 768w, https:\/\/kiskanizsa.plebania.hu\/wp-content\/uploads\/2022\/12\/Kep2-150x113.jpg 150w, https:\/\/kiskanizsa.plebania.hu\/wp-content\/uploads\/2022\/12\/Kep2.jpg 1386w\" sizes=\"auto, (max-width: 1024px) 100vw, 1024px\" \/><\/a><\/figure><\/li><li class=\"blocks-gallery-item\"><figure><a href=\"http:\/\/kiskanizsa.plebania.hu\/wp-content\/uploads\/2022\/12\/Kep3.jpg\"><img loading=\"lazy\" decoding=\"async\" width=\"1024\" height=\"709\" src=\"http:\/\/kiskanizsa.plebania.hu\/wp-content\/uploads\/2022\/12\/Kep3-1024x709.jpg\" alt=\"\" data-id=\"8159\" data-full-url=\"http:\/\/kiskanizsa.plebania.hu\/wp-content\/uploads\/2022\/12\/Kep3.jpg\" data-link=\"http:\/\/kiskanizsa.plebania.hu\/?attachment_id=8159\" class=\"wp-image-8159\" srcset=\"https:\/\/kiskanizsa.plebania.hu\/wp-content\/uploads\/2022\/12\/Kep3-1024x709.jpg 1024w, https:\/\/kiskanizsa.plebania.hu\/wp-content\/uploads\/2022\/12\/Kep3-300x208.jpg 300w, https:\/\/kiskanizsa.plebania.hu\/wp-content\/uploads\/2022\/12\/Kep3-768x532.jpg 768w, https:\/\/kiskanizsa.plebania.hu\/wp-content\/uploads\/2022\/12\/Kep3-150x104.jpg 150w, https:\/\/kiskanizsa.plebania.hu\/wp-content\/uploads\/2022\/12\/Kep3.jpg 1404w\" sizes=\"auto, (max-width: 1024px) 100vw, 1024px\" \/><\/a><\/figure><\/li><li class=\"blocks-gallery-item\"><figure><a href=\"http:\/\/kiskanizsa.plebania.hu\/wp-content\/uploads\/2022\/12\/Kep4.jpg\"><img loading=\"lazy\" decoding=\"async\" width=\"1024\" height=\"733\" src=\"http:\/\/kiskanizsa.plebania.hu\/wp-content\/uploads\/2022\/12\/Kep4-1024x733.jpg\" alt=\"\" data-id=\"8160\" data-full-url=\"http:\/\/kiskanizsa.plebania.hu\/wp-content\/uploads\/2022\/12\/Kep4.jpg\" data-link=\"http:\/\/kiskanizsa.plebania.hu\/?attachment_id=8160\" class=\"wp-image-8160\" srcset=\"https:\/\/kiskanizsa.plebania.hu\/wp-content\/uploads\/2022\/12\/Kep4-1024x733.jpg 1024w, https:\/\/kiskanizsa.plebania.hu\/wp-content\/uploads\/2022\/12\/Kep4-300x215.jpg 300w, https:\/\/kiskanizsa.plebania.hu\/wp-content\/uploads\/2022\/12\/Kep4-768x550.jpg 768w, https:\/\/kiskanizsa.plebania.hu\/wp-content\/uploads\/2022\/12\/Kep4-150x107.jpg 150w, https:\/\/kiskanizsa.plebania.hu\/wp-content\/uploads\/2022\/12\/Kep4.jpg 1389w\" sizes=\"auto, (max-width: 1024px) 100vw, 1024px\" \/><\/a><\/figure><\/li><li class=\"blocks-gallery-item\"><figure><a href=\"http:\/\/kiskanizsa.plebania.hu\/wp-content\/uploads\/2022\/12\/Kep5.jpg\"><img loading=\"lazy\" decoding=\"async\" width=\"454\" height=\"303\" src=\"http:\/\/kiskanizsa.plebania.hu\/wp-content\/uploads\/2022\/12\/Kep5.jpg\" alt=\"\" data-id=\"8161\" data-full-url=\"http:\/\/kiskanizsa.plebania.hu\/wp-content\/uploads\/2022\/12\/Kep5.jpg\" data-link=\"http:\/\/kiskanizsa.plebania.hu\/?attachment_id=8161\" class=\"wp-image-8161\" srcset=\"https:\/\/kiskanizsa.plebania.hu\/wp-content\/uploads\/2022\/12\/Kep5.jpg 454w, https:\/\/kiskanizsa.plebania.hu\/wp-content\/uploads\/2022\/12\/Kep5-300x200.jpg 300w, https:\/\/kiskanizsa.plebania.hu\/wp-content\/uploads\/2022\/12\/Kep5-150x100.jpg 150w\" sizes=\"auto, (max-width: 454px) 100vw, 454px\" \/><\/a><\/figure><\/li><li class=\"blocks-gallery-item\"><figure><a href=\"http:\/\/kiskanizsa.plebania.hu\/wp-content\/uploads\/2022\/12\/Kep6.jpg\"><img loading=\"lazy\" decoding=\"async\" width=\"1024\" height=\"768\" src=\"http:\/\/kiskanizsa.plebania.hu\/wp-content\/uploads\/2022\/12\/Kep6-1024x768.jpg\" alt=\"\" data-id=\"8162\" data-full-url=\"http:\/\/kiskanizsa.plebania.hu\/wp-content\/uploads\/2022\/12\/Kep6.jpg\" data-link=\"http:\/\/kiskanizsa.plebania.hu\/?attachment_id=8162\" class=\"wp-image-8162\" srcset=\"https:\/\/kiskanizsa.plebania.hu\/wp-content\/uploads\/2022\/12\/Kep6-1024x768.jpg 1024w, https:\/\/kiskanizsa.plebania.hu\/wp-content\/uploads\/2022\/12\/Kep6-300x225.jpg 300w, https:\/\/kiskanizsa.plebania.hu\/wp-content\/uploads\/2022\/12\/Kep6-768x576.jpg 768w, https:\/\/kiskanizsa.plebania.hu\/wp-content\/uploads\/2022\/12\/Kep6-150x113.jpg 150w, https:\/\/kiskanizsa.plebania.hu\/wp-content\/uploads\/2022\/12\/Kep6.jpg 1404w\" sizes=\"auto, (max-width: 1024px) 100vw, 1024px\" \/><\/a><\/figure><\/li><li class=\"blocks-gallery-item\"><figure><a href=\"http:\/\/kiskanizsa.plebania.hu\/wp-content\/uploads\/2022\/12\/Kep7.jpg\"><img loading=\"lazy\" decoding=\"async\" width=\"1024\" height=\"768\" src=\"http:\/\/kiskanizsa.plebania.hu\/wp-content\/uploads\/2022\/12\/Kep7-1024x768.jpg\" alt=\"\" data-id=\"8163\" data-full-url=\"http:\/\/kiskanizsa.plebania.hu\/wp-content\/uploads\/2022\/12\/Kep7.jpg\" data-link=\"http:\/\/kiskanizsa.plebania.hu\/?attachment_id=8163\" class=\"wp-image-8163\" srcset=\"https:\/\/kiskanizsa.plebania.hu\/wp-content\/uploads\/2022\/12\/Kep7-1024x768.jpg 1024w, https:\/\/kiskanizsa.plebania.hu\/wp-content\/uploads\/2022\/12\/Kep7-300x225.jpg 300w, https:\/\/kiskanizsa.plebania.hu\/wp-content\/uploads\/2022\/12\/Kep7-768x576.jpg 768w, https:\/\/kiskanizsa.plebania.hu\/wp-content\/uploads\/2022\/12\/Kep7-150x113.jpg 150w, https:\/\/kiskanizsa.plebania.hu\/wp-content\/uploads\/2022\/12\/Kep7.jpg 1404w\" sizes=\"auto, (max-width: 1024px) 100vw, 1024px\" \/><\/a><\/figure><\/li><li class=\"blocks-gallery-item\"><figure><a href=\"http:\/\/kiskanizsa.plebania.hu\/wp-content\/uploads\/2022\/12\/Kep8.jpg\"><img loading=\"lazy\" decoding=\"async\" width=\"1024\" height=\"768\" src=\"http:\/\/kiskanizsa.plebania.hu\/wp-content\/uploads\/2022\/12\/Kep8-1024x768.jpg\" alt=\"\" data-id=\"8164\" data-full-url=\"http:\/\/kiskanizsa.plebania.hu\/wp-content\/uploads\/2022\/12\/Kep8.jpg\" data-link=\"http:\/\/kiskanizsa.plebania.hu\/?attachment_id=8164\" class=\"wp-image-8164\" srcset=\"https:\/\/kiskanizsa.plebania.hu\/wp-content\/uploads\/2022\/12\/Kep8-1024x768.jpg 1024w, https:\/\/kiskanizsa.plebania.hu\/wp-content\/uploads\/2022\/12\/Kep8-300x225.jpg 300w, https:\/\/kiskanizsa.plebania.hu\/wp-content\/uploads\/2022\/12\/Kep8-768x576.jpg 768w, https:\/\/kiskanizsa.plebania.hu\/wp-content\/uploads\/2022\/12\/Kep8-150x113.jpg 150w, https:\/\/kiskanizsa.plebania.hu\/wp-content\/uploads\/2022\/12\/Kep8.jpg 1428w\" sizes=\"auto, (max-width: 1024px) 100vw, 1024px\" \/><\/a><\/figure><\/li><\/ul><figcaption class=\"blocks-gallery-caption\"><strong>2022. november 19-\u00e9n \u00e1tad\u00e1sra \u00e9s felszentel\u00e9sre ker\u00fclt a meg\u00fajult K\u00f6z\u00f6ss\u00e9gi H\u00e1z.<\/strong><\/figcaption><\/figure>\n\n\n\n<hr class=\"wp-block-separator\"\/>\n\n\n\n<div class=\"wp-block-image\"><figure class=\"aligncenter size-large\"><a href=\"http:\/\/kiskanizsa.plebania.hu\/wp-content\/uploads\/2022\/12\/001.png\"><img loading=\"lazy\" decoding=\"async\" width=\"945\" height=\"709\" src=\"http:\/\/kiskanizsa.plebania.hu\/wp-content\/uploads\/2022\/12\/001.png\" alt=\"\" class=\"wp-image-8139\" srcset=\"https:\/\/kiskanizsa.plebania.hu\/wp-content\/uploads\/2022\/12\/001.png 945w, https:\/\/kiskanizsa.plebania.hu\/wp-content\/uploads\/2022\/12\/001-300x225.png 300w, https:\/\/kiskanizsa.plebania.hu\/wp-content\/uploads\/2022\/12\/001-768x576.png 768w, https:\/\/kiskanizsa.plebania.hu\/wp-content\/uploads\/2022\/12\/001-150x113.png 150w\" sizes=\"auto, (max-width: 945px) 100vw, 945px\" \/><\/a><\/figure><\/div>\n\n\n\n<p class=\"has-drop-cap has-text-align-left\"><strong>Magyarorsz\u00e1g Korm\u00e1nya<\/strong> <strong>a Sarl\u00f3s Boldogasszony Pl\u00e9b\u00e1nia r\u00e9sz\u00e9re felh\u00edv\u00e1st tett k\u00f6zz\u00e9 TOP-7.1.1-16-H-033-11 azonos\u00edt\u00f3sz\u00e1mon, a k\u00f6z\u00f6ss\u00e9gi infrastrukt\u00fara, valamint a k\u00f6z\u00f6ss\u00e9gi szolg\u00e1ltat\u00e1sok fejleszt\u00e9se \u00e9rdek\u00e9ben. A Pl\u00e9b\u00e1nia beny\u00fajtotta t\u00e1mogat\u00e1si k\u00e9relm\u00e9t a TOP CLLD helyi felh\u00edv\u00e1s\u00e1ra, melyet a<\/strong> <strong>P\u00e9nz\u00fcgyminiszt\u00e9rium Region\u00e1lis Fejleszt\u00e9si Operat\u00edv Programok Ir\u00e1ny\u00edt\u00f3 Hat\u00f3s\u00e1ga, mint T\u00e1mogat\u00f3, a 2021. \u00e1prilis 16-\u00e1n kelt t\u00e1mogat\u00f3i d\u00f6nt\u00e9s \u00e9rtelm\u00e9ben 132.000.000 Ft 100%  intenzit\u00e1s\u00fa, eur\u00f3pai uni\u00f3s, vissza nem t\u00e9r\u00edtend\u0151 t\u00e1mogat\u00e1sban r\u00e9szes\u00edtett. A projekt a Sz\u00e9chenyi 2020 program keret\u00e9ben val\u00f3sul meg.<\/strong><\/p>\n\n\n\n<p><strong>A projekt c\u00e9lja:<\/strong><\/p>\n\n\n\n<p>A nagykanizsai HACSuNK Helyi K\u00f6z\u00f6ss\u00e9gi Fejleszt\u00e9si Strat\u00e9gi\u00e1j\u00e1ban meghat\u00e1rozott kulcsprojekt c\u00e9lk\u00e9nt, a megl\u00e9v\u0151 ingatlanok b\u00e1zis\u00e1n t\u00f6rt\u00e9n\u0151 k\u00f6z\u00f6ss\u00e9gfejleszt\u0151, identit\u00e1ser\u0151s\u00edt\u0151 \u00e9s a helyi t\u00e1rsadalmi koh\u00e9zi\u00f3t szolg\u00e1l\u00f3 tev\u00e9kenys\u00e9g folytat\u00e1s\u00e1t jel\u00f6li meg. A t\u00e1mogatott kulcsprojekt alapvet\u0151 c\u00e9lja a koroszt\u00e1lyos, t\u00f6bbgener\u00e1ci\u00f3s, \u00e9rt\u00e9kalap\u00fa \u00e9s tematikus elven m\u0171k\u00f6d\u0151 k\u00f6z\u00f6ss\u00e9gfejleszt\u00e9s- \u00e9s \u00e9p\u00edt\u00e9s, megtartva, er\u0151s\u00edtve \u00e9s szolg\u00e1lva a megl\u00e9v\u0151ket is.<\/p>\n\n\n\n<p>A projekt strat\u00e9giai c\u00e9lja<em>: <\/em>\u00daj kultur\u00e1lis k\u00f6z\u00f6ss\u00e9gi t\u00e9r kialak\u00edt\u00e1sa, kapcsol\u00f3d\u00f3 \u00e9p\u00edt\u00e9s, fel\u00faj\u00edt\u00e1s, k\u00f6z\u00f6ss\u00e9gi \u00e9s el\u0151ad\u00f3terek, t\u00f6bbfunkci\u00f3s helyis\u00e9gek kialak\u00edt\u00e1sa, fejleszt\u00e9se. C\u00e9lcsoport specifikus k\u00edn\u00e1lati (program) elemek l\u00e9trehoz\u00e1sa, fejleszt\u00e9se. K\u00f6z\u00f6ss\u00e9gfejleszt\u0151, identit\u00e1ser\u0151s\u00edt\u0151 \u00e9s a helyi t\u00e1rsadalmi koh\u00e9zi\u00f3t szolg\u00e1l\u00f3 tev\u00e9kenys\u00e9gek folytat\u00e1sa. Nagykanizsa kultur\u00e1lis er\u0151forr\u00e1s\u00e1nak meg\u00faj\u00edt\u00e1sa.<\/p>\n\n\n\n<p>A beruh\u00e1z\u00e1snak k\u00f6sz\u00f6nhet\u0151en a kialak\u00edtand\u00f3 k\u00f6z\u00f6ss\u00e9gi h\u00e1z egy olyan kultur\u00e1lis fel\u00fcletet biztos\u00edt majd, amely az egyes kultur\u00e1lis, k\u00f6z\u00f6ss\u00e9gi esem\u00e9nyek, programok megszervez\u00e9s\u00e9n \u00e9s lebonyol\u00edt\u00e1s\u00e1n t\u00fal, \u00f6szt\u00f6n\u00f6zve a helyi er\u0151forr\u00e1sokat, egy\u00fattal k\u00f6z\u00f6ss\u00e9gi helyk\u00e9nt, kreat\u00edv, szellemi, lelki k\u00f6zpontk\u00e9nt is m\u0171k\u00f6dik.<\/p>\n\n\n\n<p><strong>A projekt m\u0171szaki tartalma<\/strong><\/p>\n\n\n\n<p>A Nagykanizsa belv\u00e1ros\u00e1nak k\u00f6zel\u00e9ben, Kiskanizs\u00e1n tal\u00e1lhat\u00f3 Sarl\u00f3s Boldogasszony Pl\u00e9b\u00e1nia tulajdon\u00e1ban l\u00e9v\u0151, jelenleg is k\u00f6z\u00f6ss\u00e9gi h\u00e1zk\u00e9nt m\u0171k\u00f6d\u0151 \u00e9p\u00fclet helyis\u00e9geiben \u00faj k\u00f6z\u00f6ss\u00e9gi terek kialak\u00edt\u00e1sa (k\u00f6z\u00f6ss\u00e9gi, kultur\u00e1lis rendezv\u00e9nyterem; szabadid\u0151 termek; gener\u00e1ci\u00f3k m\u0171helye) val\u00f3sul meg. A tervezett fejleszt\u00e9s (117.878.796,- Ft-os fejleszt\u00e9si forr\u00e1sb\u00f3l) mag\u00e1ban foglalja a megl\u00e9v\u0151 k\u00f6z\u00f6ss\u00e9gi h\u00e1z energiahat\u00e9kony <strong>\u00e9p\u00edt\u00e9szeti <\/strong>(bel-\u00e9s k\u00fclt\u00e9ri ny\u00edl\u00e1sz\u00e1r\u00f3k cser\u00e9je, az \u00e9p\u00fclet homlokzati \u00e9s padl\u00e1st\u00e9ri h\u0151szigetel\u0151 rendszer\u00e9nek, valamint az aljzat v\u00edzszigetel\u00e9s\u00e9nek kivitelez\u00e9se, belt\u00e9ri fal \u00e9s padl\u00f3burkolatok fel\u00faj\u00edt\u00e1sa, teraszfel\u00faj\u00edt\u00e1s), <strong>\u00e9p\u00fcletg\u00e9p\u00e9szeti <\/strong>(megl\u00e9v\u0151 v\u00edz- \u00e9s szennyv\u00edzvezet\u00e9kek h\u00e1l\u00f3zati cser\u00e9je, \u00faj f\u0171t\u00e9si rendszer kialak\u00edt\u00e1sa, kondenz\u00e1ci\u00f3s g\u00e1zkaz\u00e1n be\u00e9p\u00edt\u00e9se), <strong>\u00e9p\u00fcletvillamoss\u00e1gi<\/strong> (megl\u00e9v\u0151 villamos h\u00e1l\u00f3zat cser\u00e9je, tet\u0151h\u00e9jazaton napelemes rendszer telep\u00edt\u00e9se) fel\u00faj\u00edt\u00e1s\u00e1t, k\u00f6z\u00f6ss\u00e9gi tereinek, t\u00f6bbfunkci\u00f3s helyis\u00e9geinek kialak\u00edt\u00e1s\u00e1t, fejleszt\u00e9s\u00e9t. A vonatkoz\u00f3 jogszab\u00e1lyoknak megfelel\u0151en az \u00e9p\u00fclet projektar\u00e1nyos akad\u00e1lymentes\u00edt\u00e9se is megt\u00f6rt\u00e9nik, vizsg\u00e1lva az \u00f6sszes \u00e9rintett fogyat\u00e9koss\u00e1gi csoportot.<\/p>\n","protected":false},"excerpt":{"rendered":"<p>Magyarorsz\u00e1g Korm\u00e1nya a Sarl\u00f3s Boldogasszony Pl\u00e9b\u00e1nia r\u00e9sz\u00e9re felh\u00edv\u00e1st tett k\u00f6zz\u00e9 TOP-7.1.1-16-H-033-11 azonos\u00edt\u00f3sz\u00e1mon, a k\u00f6z\u00f6ss\u00e9gi infrastrukt\u00fara, valamint a k\u00f6z\u00f6ss\u00e9gi szolg\u00e1ltat\u00e1sok fejleszt\u00e9se \u00e9rdek\u00e9ben. A Pl\u00e9b\u00e1nia beny\u00fajtotta t\u00e1mogat\u00e1si k\u00e9relm\u00e9t a TOP CLLD helyi felh\u00edv\u00e1s\u00e1ra, melyet a P\u00e9nz\u00fcgyminiszt\u00e9rium Region\u00e1lis Fejleszt\u00e9si Operat\u00edv Programok Ir\u00e1ny\u00edt\u00f3 Hat\u00f3s\u00e1ga, mint T\u00e1mogat\u00f3, a 2021. \u00e1prilis 16-\u00e1n kelt t\u00e1mogat\u00f3i d\u00f6nt\u00e9s \u00e9rtelm\u00e9ben 132.000.000 Ft 100% intenzit\u00e1s\u00fa, eur\u00f3pai&#8230;&nbsp;(<a href=\"https:\/\/kiskanizsa.plebania.hu\/?page_id=7620\">Tov\u00e1bb<\/a>)<\/p>\n","protected":false},"author":4,"featured_media":0,"parent":0,"menu_order":0,"comment_status":"closed","ping_status":"closed","template":"","meta":{"ngg_post_thumbnail":0,"footnotes":""},"class_list":["post-7620","page","type-page","status-publish","hentry"],"_links":{"self":[{"href":"https:\/\/kiskanizsa.plebania.hu\/index.php?rest_route=\/wp\/v2\/pages\/7620","targetHints":{"allow":["GET"]}}],"collection":[{"href":"https:\/\/kiskanizsa.plebania.hu\/index.php?rest_route=\/wp\/v2\/pages"}],"about":[{"href":"https:\/\/kiskanizsa.plebania.hu\/index.php?rest_route=\/wp\/v2\/types\/page"}],"author":[{"embeddable":true,"href":"https:\/\/kiskanizsa.plebania.hu\/index.php?rest_route=\/wp\/v2\/users\/4"}],"replies":[{"embeddable":true,"href":"https:\/\/kiskanizsa.plebania.hu\/index.php?rest_route=%2Fwp%2Fv2%2Fcomments&post=7620"}],"version-history":[{"count":17,"href":"https:\/\/kiskanizsa.plebania.hu\/index.php?rest_route=\/wp\/v2\/pages\/7620\/revisions"}],"predecessor-version":[{"id":8172,"href":"https:\/\/kiskanizsa.plebania.hu\/index.php?rest_route=\/wp\/v2\/pages\/7620\/revisions\/8172"}],"wp:attachment":[{"href":"https:\/\/kiskanizsa.plebania.hu\/index.php?rest_route=%2Fwp%2Fv2%2Fmedia&parent=7620"}],"curies":[{"name":"wp","href":"https:\/\/api.w.org\/{rel}","templated":true}]}}