{"id":81,"date":"2012-09-29T13:27:53","date_gmt":"2012-09-29T11:27:53","guid":{"rendered":"http:\/\/kiskanizsa.plebania.hu\/?page_id=81"},"modified":"2022-10-23T16:11:57","modified_gmt":"2022-10-23T14:11:57","slug":"elerhetoseg","status":"publish","type":"page","link":"https:\/\/kiskanizsa.plebania.hu\/?page_id=81","title":{"rendered":"El\u00e9rhet\u0151s\u00e9g"},"content":{"rendered":"<p style=\"text-align: left; margin-top: 50px;\"><strong>Sarl\u00f3s Boldogasszony Pl\u00e9b\u00e1nia<\/strong><br><strong>Nagykanizsa<\/strong><br><strong>Templom t\u00e9r 5.<\/strong><br><strong>8800<\/strong><\/p>\n<div class=\"credit\">\n<table style=\"width: 577px; height: 662px;\" align=\"center\">\n<tbody>\n<tr>\n<td style=\"text-align: justify;\" align=\"center\">\n<p style=\"text-align: center;\"><strong><span style=\"text-decoration: underline;\">Nagy Vendel c. ap\u00e1t- pl\u00e9b\u00e1nos<\/span><\/strong><\/p>\n<p><img loading=\"lazy\" decoding=\"async\" class=\"aligncenter\" src=\"https:\/\/kaposvar.egyhazmegye.hu\/images\/demo\/team\/NagyV.jpg\" alt=\"Nagy Vendel\" width=\"99\" height=\"149\"><\/p>\n<p style=\"text-align: center;\">&nbsp;Tel.: +36-93-789-046<\/p>\n<p style=\"text-align: center;\">Mobil: +36-30-235-1973<\/p>\n<p style=\"text-align: center;\">E-mail: vendelnagy59@gmail.com<\/p>\n<p>Sarl\u00f3s Boldogasszony Pl\u00e9b\u00e1nia Nagykanizsa Banksz\u00e1mla sz\u00e1ma: &nbsp; &nbsp; &nbsp; &nbsp; &nbsp; &nbsp; &nbsp; &nbsp; &nbsp; &nbsp; &nbsp; &nbsp; &nbsp; &nbsp; &nbsp; &nbsp; &nbsp; &nbsp; 11749015-20016605-00000000 otpbank <br>Adom\u00e1nyukat sz\u00edvesen fogadjuk ezen a banksz\u00e1mla sz\u00e1mon, a pl\u00e9b\u00e1nia teljes bels\u0151 fel\u00faj\u00edt\u00e1sa \u00e9s a pl\u00e9b\u00e1nia tet\u0151h\u00e9jazat\u00e1nak a cser\u00e9j\u00e9re.&nbsp; &nbsp; &nbsp; Tov\u00e1bb\u00e1 lehet\u0151s\u00e9g van az egyh\u00e1zi hozz\u00e1j\u00e1rul\u00e1s befizet\u00e9s\u00e9re a fenti banksz\u00e1mla sz\u00e1mon, mely a 2020. \u00e9vt\u0151l 4.000 Ft\/ f\u0151, h\u00e1zasp\u00e1roknak 8.000 Ft. K\u00e9rj\u00fck a n\u00e9v mell\u00e9 a befizet\u00e9sn\u00e9l, a megjegyz\u00e9s rovatba \u00edrj\u00e1k oda az utca \u00e9s a h\u00e1zsz\u00e1mot, hogy az azonos nev\u0171ekn\u00e9l meg tudjuk k\u00fcl\u00f6nb\u00f6ztetni ki a befizet\u0151 szem\u00e9ly.&nbsp;<br>K\u00f6sz\u00f6nettel: Nagy Vendel c. ap\u00e1t &#8211; pl\u00e9b\u00e1nos<\/p>\n<p>&nbsp;<\/p>\n<\/td>\n<\/tr>\n<tr>\n<td align=\"center\">\n<p>&nbsp;<\/p>\n<p>&nbsp;<\/p>\n<p>&nbsp;<\/p>\n<\/td>\n<\/tr>\n<\/tbody>\n<\/table>\n<p><iframe loading=\"lazy\" src=\"https:\/\/maps.google.hu\/maps?f=q&amp;source=embed&amp;hl=hu&amp;geocode=&amp;q=nagykanizsa,Templom+t%C3%A9r+5.&amp;aq=&amp;sll=46.451151,17.004933&amp;sspn=0.401644,0.891953&amp;t=m&amp;ie=UTF8&amp;hq=&amp;hnear=8800+Nagykanizsa,+Templom+t%C3%A9r+5&amp;z=16&amp;ll=46.458378,16.959903&amp;output=embed\" width=\"425\" height=\"350\" frameborder=\"1\" marginwidth=\"0\" marginheight=\"0\" scrolling=\"no\"><\/iframe><br><small><a style=\"color: #000000; text-align: left;\" href=\"https:\/\/maps.google.hu\/maps?f=q&amp;source=embed&amp;hl=hu&amp;geocode=&amp;q=nagykanizsa,Templom+t%C3%A9r+5.&amp;aq=&amp;sll=46.451151,17.004933&amp;sspn=0.401644,0.891953&amp;t=m&amp;ie=UTF8&amp;hq=&amp;hnear=8800+Nagykanizsa,+Templom+t%C3%A9r+5&amp;z=16&amp;ll=46.458378,16.959903\">Nagyobb t\u00e9rk\u00e9pre v\u00e1lt\u00e1<br>s<\/a><\/small><\/p>\n<\/div>\n\n\n<p><\/p>\n","protected":false},"excerpt":{"rendered":"<p>Sarl\u00f3s Boldogasszony Pl\u00e9b\u00e1niaNagykanizsaTemplom t\u00e9r 5.8800 Nagy Vendel c. ap\u00e1t- pl\u00e9b\u00e1nos &nbsp;Tel.: +36-93-789-046 Mobil: +36-30-235-1973 E-mail: vendelnagy59@gmail.com Sarl\u00f3s Boldogasszony Pl\u00e9b\u00e1nia Nagykanizsa Banksz\u00e1mla sz\u00e1ma: &nbsp; &nbsp; &nbsp; &nbsp; &nbsp; &nbsp; &nbsp; &nbsp; &nbsp; &nbsp; &nbsp; &nbsp; &nbsp; &nbsp; &nbsp; &nbsp; &nbsp; &nbsp; 11749015-20016605-00000000 otpbank Adom\u00e1nyukat sz\u00edvesen fogadjuk ezen a banksz\u00e1mla sz\u00e1mon, a pl\u00e9b\u00e1nia teljes bels\u0151 fel\u00faj\u00edt\u00e1sa \u00e9s&#8230;&nbsp;(<a href=\"https:\/\/kiskanizsa.plebania.hu\/?page_id=81\">Tov\u00e1bb<\/a>)<\/p>\n","protected":false},"author":1,"featured_media":0,"parent":0,"menu_order":0,"comment_status":"closed","ping_status":"closed","template":"","meta":{"ngg_post_thumbnail":0,"footnotes":""},"class_list":["post-81","page","type-page","status-publish","hentry"],"_links":{"self":[{"href":"https:\/\/kiskanizsa.plebania.hu\/index.php?rest_route=\/wp\/v2\/pages\/81","targetHints":{"allow":["GET"]}}],"collection":[{"href":"https:\/\/kiskanizsa.plebania.hu\/index.php?rest_route=\/wp\/v2\/pages"}],"about":[{"href":"https:\/\/kiskanizsa.plebania.hu\/index.php?rest_route=\/wp\/v2\/types\/page"}],"author":[{"embeddable":true,"href":"https:\/\/kiskanizsa.plebania.hu\/index.php?rest_route=\/wp\/v2\/users\/1"}],"replies":[{"embeddable":true,"href":"https:\/\/kiskanizsa.plebania.hu\/index.php?rest_route=%2Fwp%2Fv2%2Fcomments&post=81"}],"version-history":[{"count":35,"href":"https:\/\/kiskanizsa.plebania.hu\/index.php?rest_route=\/wp\/v2\/pages\/81\/revisions"}],"predecessor-version":[{"id":8016,"href":"https:\/\/kiskanizsa.plebania.hu\/index.php?rest_route=\/wp\/v2\/pages\/81\/revisions\/8016"}],"wp:attachment":[{"href":"https:\/\/kiskanizsa.plebania.hu\/index.php?rest_route=%2Fwp%2Fv2%2Fmedia&parent=81"}],"curies":[{"name":"wp","href":"https:\/\/api.w.org\/{rel}","templated":true}]}}