{"id":96,"date":"2012-09-29T14:40:41","date_gmt":"2012-09-29T12:40:41","guid":{"rendered":"http:\/\/kiskanizsa.plebania.hu\/?page_id=96"},"modified":"2018-12-25T10:46:28","modified_gmt":"2018-12-25T09:46:28","slug":"plebaniai-alkalmazottak","status":"publish","type":"page","link":"https:\/\/kiskanizsa.plebania.hu\/?page_id=96","title":{"rendered":"Pl\u00e9b\u00e1niai alkalmazottak"},"content":{"rendered":"<p>&nbsp;<\/p>\n<table style=\"width: 100%;\" cellspacing=\"0\" cellpadding=\"0\">\n<tbody>\n<tr>\n<td style=\"width: 330px; border-bottom: 1px solid silver;\" align=\"left\">Horv\u00e1th Norbert, k\u00e1ntor<\/td>\n<td style=\"border-bottom: 1px solid silver;\">&nbsp;<img loading=\"lazy\" decoding=\"async\" class=\"alignright size-thumbnail wp-image-1026\" title=\"Horv\u00e1th Norbert\" src=\"http:\/\/kiskanizsa.plebania.hu\/wp-content\/uploads\/2012\/09\/HorvathNorbert-150x150.jpg\" alt=\"Horv\u00e1th Norbert\" width=\"150\" height=\"150\" srcset=\"https:\/\/kiskanizsa.plebania.hu\/wp-content\/uploads\/2012\/09\/HorvathNorbert-150x150.jpg 150w, https:\/\/kiskanizsa.plebania.hu\/wp-content\/uploads\/2012\/09\/HorvathNorbert.jpg 200w\" sizes=\"auto, (max-width: 150px) 100vw, 150px\" \/><\/td>\n<\/tr>\n<tr>\n<td style=\"width: 330px;border-bottom: 1px solid silver;\" align=\"left\">Horv\u00e1th L\u00e1szl\u00f3, sekresty\u00e9s<\/td>\n<td style=\"border-bottom: 1px solid silver;\"><img loading=\"lazy\" decoding=\"async\" class=\"alignright\" title=\"ifj. Horv\u00e1th L\u00e1szl\u00f3\" src=\"http:\/\/kiskanizsa.plebania.hu\/wp-content\/uploads\/2012\/09\/ifjHorvathLaszlo-150x150.jpg\" alt=\"ifj. Horv\u00e1th L\u00e1szl\u00f3\" width=\"150\" height=\"150\"><\/td>\n<\/tr>\n<tr>\n<td style=\"width: 330px;\" align=\"left\">Tulman G\u00e9z\u00e1n\u00e9 karit\u00e1sz vezet\u0151je<\/td>\n<td><img loading=\"lazy\" decoding=\"async\" class=\"alignright\" title=\"Tulman G\u00e9z\u00e1n\u00e9 karit\u00e1sz vezet\u0151je\" src=\"http:\/\/kiskanizsa.plebania.hu\/wp-content\/uploads\/2012\/09\/20161212_0647529-150x150.jpg\" alt=\"Tulman G\u00e9z\u00e1n\u00e9 karit\u00e1sz vezet\u0151je\" width=\"150\" height=\"150\"><\/td>\n<\/tr>\n<\/tbody>\n<\/table>\n<p>&nbsp;<\/p>\n\n\n<p><\/p>\n","protected":false},"excerpt":{"rendered":"<p>&nbsp; Horv\u00e1th Norbert, k\u00e1ntor &nbsp; Horv\u00e1th L\u00e1szl\u00f3, sekresty\u00e9s Tulman G\u00e9z\u00e1n\u00e9 karit\u00e1sz vezet\u0151je &nbsp;<\/p>\n","protected":false},"author":1,"featured_media":0,"parent":0,"menu_order":0,"comment_status":"closed","ping_status":"closed","template":"","meta":{"ngg_post_thumbnail":0,"footnotes":""},"class_list":["post-96","page","type-page","status-publish","hentry"],"_links":{"self":[{"href":"https:\/\/kiskanizsa.plebania.hu\/index.php?rest_route=\/wp\/v2\/pages\/96","targetHints":{"allow":["GET"]}}],"collection":[{"href":"https:\/\/kiskanizsa.plebania.hu\/index.php?rest_route=\/wp\/v2\/pages"}],"about":[{"href":"https:\/\/kiskanizsa.plebania.hu\/index.php?rest_route=\/wp\/v2\/types\/page"}],"author":[{"embeddable":true,"href":"https:\/\/kiskanizsa.plebania.hu\/index.php?rest_route=\/wp\/v2\/users\/1"}],"replies":[{"embeddable":true,"href":"https:\/\/kiskanizsa.plebania.hu\/index.php?rest_route=%2Fwp%2Fv2%2Fcomments&post=96"}],"version-history":[{"count":48,"href":"https:\/\/kiskanizsa.plebania.hu\/index.php?rest_route=\/wp\/v2\/pages\/96\/revisions"}],"predecessor-version":[{"id":5195,"href":"https:\/\/kiskanizsa.plebania.hu\/index.php?rest_route=\/wp\/v2\/pages\/96\/revisions\/5195"}],"wp:attachment":[{"href":"https:\/\/kiskanizsa.plebania.hu\/index.php?rest_route=%2Fwp%2Fv2%2Fmedia&parent=96"}],"curies":[{"name":"wp","href":"https:\/\/api.w.org\/{rel}","templated":true}]}}