{"id":98,"date":"2012-09-29T14:52:53","date_gmt":"2012-09-29T12:52:53","guid":{"rendered":"http:\/\/kiskanizsa.plebania.hu\/?page_id=98"},"modified":"2020-01-12T14:18:52","modified_gmt":"2020-01-12T13:18:52","slug":"kozossegek","status":"publish","type":"page","link":"https:\/\/kiskanizsa.plebania.hu\/?page_id=98","title":{"rendered":"K\u00f6z\u00f6ss\u00e9gek"},"content":{"rendered":"<table align=\"center\">\n<tbody>\n<tr>\n<td align=\"left\"><strong>1.<\/strong><\/td>\n<td align=\"left\" colspan=\"2\"><strong>Kis Szent Ter\u00e9z&nbsp; K\u00f6z\u00f6ss\u00e9g (h\u00e9tf\u0151)<\/strong><\/td>\n<\/tr>\n<tr>\n<td>&nbsp;<\/td>\n<td style=\"width: 120px; text-align: right;\">\n<div id=\"attachment_2225\" style=\"width: 160px\" class=\"wp-caption aligncenter\"><a href=\"http:\/\/kiskanizsa.plebania.hu\/wp-content\/uploads\/2012\/09\/Tomasics-L\u00e1szl\u00f3n\u00e9.jpg\"><img loading=\"lazy\" decoding=\"async\" aria-describedby=\"caption-attachment-2225\" width=\"150\" height=\"150\" title=\"\" class=\"size-thumbnail wp-image-2225\" alt=\"\" src=\"http:\/\/kiskanizsa.plebania.hu\/wp-content\/uploads\/2012\/09\/Tomasics-L\u00e1szl\u00f3n\u00e9-150x150.jpg\"><\/a><p id=\"caption-attachment-2225\" class=\"wp-caption-text\">Vezet\u0151: Tomasics L\u00e1szl\u00f3n\u00e9<\/p><\/div>\n<p>&nbsp;<\/td>\n<td align=\"left\">&nbsp;<\/td>\n<\/tr>\n<tr>\n<td align=\"left\"><strong>2.<\/strong><\/td>\n<td align=\"left\" colspan=\"2\"><strong>Kereszt Dics\u0151s\u00e9ge K\u00f6z\u00f6ss\u00e9g&nbsp;I. (kedd) <\/strong><\/td>\n<\/tr>\n<tr>\n<td>&nbsp;<\/td>\n<td style=\"width: 120px; text-align: right;\">&nbsp;<\/td>\n<td align=\"left\">&nbsp;<\/td>\n<\/tr>\n<tr>\n<td align=\"left\"><strong>3.<\/strong><\/td>\n<td align=\"left\" colspan=\"2\"><strong>&#8222;J\u00e1szol&#8221; Szerdai K\u00f6z\u00f6ss\u00e9g<\/strong><\/td>\n<\/tr>\n<tr>\n<td>&nbsp;<\/td>\n<td style=\"width: 120px; text-align: right;\">\n<p><div id=\"attachment_2266\" style=\"width: 160px\" class=\"wp-caption alignleft\"><a href=\"http:\/\/kiskanizsa.plebania.hu\/wp-content\/uploads\/2012\/09\/L\u00e1bodi-Istv\u00e1n.jpg\"><img loading=\"lazy\" decoding=\"async\" aria-describedby=\"caption-attachment-2266\" width=\"150\" height=\"150\" title=\"L\u00e1bodi Istv\u00e1n\" class=\"size-thumbnail wp-image-2266\" alt=\"\" src=\"http:\/\/kiskanizsa.plebania.hu\/wp-content\/uploads\/2012\/09\/L\u00e1bodi-Istv\u00e1n-150x150.jpg\"><\/a><p id=\"caption-attachment-2266\" class=\"wp-caption-text\">Vezet\u0151: L\u00e1bodi Istv\u00e1n<\/p><\/div><\/td>\n<td align=\"left\">&nbsp;<\/td>\n<\/tr>\n<tr>\n<td align=\"left\"><strong>4.<\/strong><\/td>\n<td align=\"left\" colspan=\"2\"><strong>Kereszt Dics\u0151s\u00e9ge&nbsp; K\u00f6z\u00f6ss\u00e9g II. (szerda)<\/strong><\/td>\n<\/tr>\n<tr>\n<td>&nbsp;<\/td>\n<td style=\"width: 120px; text-align: center;\">&nbsp;<\/td>\n<td align=\"left\">&nbsp;<\/td>\n<\/tr>\n<tr>\n<td>&nbsp;<\/td>\n<td style=\"width: 120px; text-align: right;\">&nbsp;<\/td>\n<td align=\"left\">&nbsp;<\/td>\n<\/tr>\n<tr>\n<td align=\"left\"><strong>5.<\/strong><\/td>\n<td align=\"left\" colspan=\"2\"><strong>Szepl\u0151telen Fogantat\u00e1s&nbsp; K\u00f6z\u00f6ss\u00e9g (cs\u00fct\u00f6rt\u00f6k)<\/strong><\/td>\n<\/tr>\n<tr>\n<td>&nbsp;<\/td>\n<td style=\"width: 120px; text-align: right;\">\n<p><div style=\"width: 160px\" class=\"wp-caption aligncenter\"><img loading=\"lazy\" decoding=\"async\" width=\"150\" height=\"150\" alt=\"K\u00e9ptal\u00e1lat a k\u00f6vetkez\u0151re: \u201ecs\u00e1sz\u00e1r antaln\u00e9\u201d\" src=\"http:\/\/kiskanizsa.plebania.hu\/wp-content\/uploads\/2012\/09\/CsaszarAntalne.jpg\"><p class=\"wp-caption-text\">Cs\u00e1sz\u00e1r Antaln\u00e9<\/p><\/div><\/td>\n<td align=\"left\">&nbsp;<\/td>\n<\/tr>\n<tr>\n<td align=\"left\"><strong>6.<\/strong><\/td>\n<td align=\"left\" colspan=\"2\"><strong>Szombati K\u00f6z\u00f6ss\u00e9g<\/strong><\/td>\n<\/tr>\n<tr>\n<td>&nbsp;<\/td>\n<td style=\"width: 120px; text-align: center;\">\n<p><div id=\"attachment_2232\" style=\"width: 160px\" class=\"wp-caption alignleft\"><a href=\"http:\/\/kiskanizsa.plebania.hu\/wp-content\/uploads\/2012\/09\/Farkas-Szabolcs.jpg\"><img loading=\"lazy\" decoding=\"async\" aria-describedby=\"caption-attachment-2232\" width=\"150\" height=\"150\" title=\"Farkas Szabolcs\" class=\"size-thumbnail wp-image-2232\" alt=\"\" src=\"http:\/\/kiskanizsa.plebania.hu\/wp-content\/uploads\/2012\/09\/Farkas-Szabolcs-150x150.jpg\"><\/a><p id=\"caption-attachment-2232\" class=\"wp-caption-text\">Vezet\u0151: Farkas Szabolcs<\/p><\/div><\/td>\n<td align=\"left\">&nbsp;<\/td>\n<\/tr>\n<tr>\n<td align=\"left\"><strong>7.<\/strong><\/td>\n<td align=\"left\" colspan=\"2\"><strong>Angyalos Boldogasszony Ferences Lelkis\u00e9gi Imak\u00f6z\u00f6ss\u00e9g <\/strong><strong>\/ABFH\/<\/strong><\/td>\n<\/tr>\n<tr>\n<td>&nbsp;<\/td>\n<td align=\"left\" colspan=\"2\">\n<p style=\"text-align: left;\">Minden h\u00f3nap utols\u00f3 p\u00e9ntekje el\u0151tti p\u00e9ntek<\/p>\n<div id=\"attachment_2238\" style=\"width: 160px\" class=\"wp-caption alignleft\"><a href=\"http:\/\/kiskanizsa.plebania.hu\/wp-content\/uploads\/2012\/09\/Ocsovai-Graci\u00e1n-atya.jpg\"><img loading=\"lazy\" decoding=\"async\" aria-describedby=\"caption-attachment-2238\" width=\"150\" height=\"150\" title=\"Ocsovai Graci\u00e1n atya\" class=\"size-full wp-image-2238\" alt=\"\" src=\"http:\/\/kiskanizsa.plebania.hu\/wp-content\/uploads\/2012\/09\/Ocsovai-Graci\u00e1n-atya.jpg\"><\/a><p id=\"caption-attachment-2238\" class=\"wp-caption-text\">Vezet\u0151:Ocsovai Graci\u00e1n atya<\/p><\/div>\n<p>&nbsp;<\/td>\n<\/tr>\n<tr>\n<td align=\"left\"><strong>8.<\/strong><\/td>\n<td align=\"left\" colspan=\"2\"><strong>M\u00f3rusz Szent Tam\u00e1s Katolikus Olvas\u00f3k\u00f6r \/MTKO\/<\/strong><\/td>\n<\/tr>\n<tr>\n<td>&nbsp;<\/td>\n<td align=\"left\" colspan=\"2\">\n<p style=\"text-align: justify;\">Minden h\u00f3 els\u0151 keddje<\/p>\n<p><a href=\"http:\/\/kiskanizsa.plebania.hu\/wp-content\/uploads\/2020\/01\/DSC_0011-1-scaled.jpg\"><img loading=\"lazy\" decoding=\"async\" width=\"144\" height=\"215\" title=\"Tulman G\u00e9za (2)\" class=\"alignnone wp-image-6016 \" alt=\"\" src=\"http:\/\/kiskanizsa.plebania.hu\/wp-content\/uploads\/2020\/01\/DSC_0011-1-201x300.jpg\" srcset=\"https:\/\/kiskanizsa.plebania.hu\/wp-content\/uploads\/2020\/01\/DSC_0011-1-201x300.jpg 201w, https:\/\/kiskanizsa.plebania.hu\/wp-content\/uploads\/2020\/01\/DSC_0011-1-685x1024.jpg 685w, https:\/\/kiskanizsa.plebania.hu\/wp-content\/uploads\/2020\/01\/DSC_0011-1-768x1147.jpg 768w, https:\/\/kiskanizsa.plebania.hu\/wp-content\/uploads\/2020\/01\/DSC_0011-1-1028x1536.jpg 1028w, https:\/\/kiskanizsa.plebania.hu\/wp-content\/uploads\/2020\/01\/DSC_0011-1-1371x2048.jpg 1371w, https:\/\/kiskanizsa.plebania.hu\/wp-content\/uploads\/2020\/01\/DSC_0011-1-100x150.jpg 100w, https:\/\/kiskanizsa.plebania.hu\/wp-content\/uploads\/2020\/01\/DSC_0011-1-scaled.jpg 1714w\" sizes=\"auto, (max-width: 144px) 100vw, 144px\" \/><\/a><\/p>\n<p>Baranyai Magdolna<\/td>\n<\/tr>\n<tr>\n<td align=\"left\"><strong>9.<\/strong><\/td>\n<td align=\"left\" colspan=\"2\"><strong>Sarl\u00f3s Boldogasszony \u00c9nekkar (Minden h\u00e9ten, p\u00e9nteken j\u00f6n \u00f6ssze pr\u00f3b\u00e1lni)<\/strong><\/td>\n<\/tr>\n<tr>\n<td>&nbsp;<\/td>\n<td style=\"width: 120px; text-align: center;\">\n<p><div id=\"attachment_2233\" style=\"width: 160px\" class=\"wp-caption alignleft\"><a href=\"http:\/\/kiskanizsa.plebania.hu\/wp-content\/uploads\/2012\/09\/Tulman-G\u00e9za-22.jpg\"><img loading=\"lazy\" decoding=\"async\" aria-describedby=\"caption-attachment-2233\" width=\"150\" height=\"150\" title=\"Tulman G\u00e9za (2)\" class=\"size-thumbnail wp-image-2258\" alt=\"\" src=\"http:\/\/kiskanizsa.plebania.hu\/wp-content\/uploads\/2012\/09\/Tulman-G\u00e9za-22-150x150.jpg\"><\/a><p id=\"caption-attachment-2233\" class=\"wp-caption-text\">Vezet\u0151: Tulman G\u00e9za<\/p><\/div><\/td>\n<td align=\"left\">&nbsp;<\/td>\n<\/tr>\n<tr>\n<td>&nbsp;<\/td>\n<td style=\"width: 120px; text-align: center;\">\n<p><div id=\"attachment_2234\" style=\"width: 160px\" class=\"wp-caption alignleft\"><a href=\"http:\/\/kiskanizsa.plebania.hu\/wp-content\/uploads\/2012\/09\/HorvathNorbert-150x150.jpg\"><img loading=\"lazy\" decoding=\"async\" aria-describedby=\"caption-attachment-2234\" width=\"150\" height=\"150\" title=\"Horv\u00e1th Norbert\" class=\"size-thumbnail wp-image-2258\" alt=\"\" src=\"http:\/\/kiskanizsa.plebania.hu\/wp-content\/uploads\/2012\/09\/HorvathNorbert-150x150.jpg\"><\/a><p id=\"caption-attachment-2234\" class=\"wp-caption-text\">Horv\u00e1th Norbert<\/p><\/div><\/td>\n<td align=\"left\">&nbsp;<\/td>\n<\/tr>\n<tr>\n<td align=\"left\"><strong>10.<\/strong><\/td>\n<td align=\"left\" colspan=\"2\"><strong>Zsolt\u00e1r\u00e9nekl\u00e9s&nbsp;<\/strong>minden szombat reggel 1\/2 7 \u00f3rakor<\/td>\n<\/tr>\n<tr>\n<td>&nbsp;<\/td>\n<td style=\"width: 120px; text-align: center;\">&nbsp;<\/td>\n<td align=\"left\">&nbsp;<\/td>\n<\/tr>\n<tr>\n<td align=\"left\"><strong>11.<\/strong><\/td>\n<td align=\"left\" colspan=\"2\"><strong>Szent M\u00f3nika K\u00f6r (Minden h\u00f3nap 2. h\u00e9tf\u0151j\u00e9n tal\u00e1lkoznak)<\/strong><\/td>\n<\/tr>\n<tr>\n<td>&nbsp;<\/td>\n<td style=\"width: 120px; text-align: center;\">\n<div id=\"attachment_2241\" style=\"width: 160px\" class=\"wp-caption alignleft\"><a href=\"http:\/\/kiskanizsa.plebania.hu\/wp-content\/uploads\/2012\/09\/TorokGyorgyne.jpg\"><img loading=\"lazy\" decoding=\"async\" aria-describedby=\"caption-attachment-2241\" width=\"150\" height=\"150\" title=\"T\u00f6r\u00f6k Gy\u00f6rgyn\u00e9\" class=\"size-thumbnail wp-image-2241\" alt=\"\" src=\"http:\/\/kiskanizsa.plebania.hu\/wp-content\/uploads\/2012\/09\/TorokGyorgyne.jpg\"><\/a><p id=\"caption-attachment-2241\" class=\"wp-caption-text\">Vezet\u0151:<br \/>T\u00f6r\u00f6k Gy\u00f6rgyn\u00e9<\/p><\/div>\n<p>&nbsp;<\/td>\n<td align=\"left\">&nbsp;<\/td>\n<\/tr>\n<tr>\n<td>&nbsp;<\/td>\n<td style=\"width: 120px; text-align: center;\">&nbsp;<\/td>\n<td align=\"left\">&nbsp;<\/td>\n<\/tr>\n<\/tbody>\n<\/table>\n","protected":false},"excerpt":{"rendered":"<p>1. Kis Szent Ter\u00e9z&nbsp; K\u00f6z\u00f6ss\u00e9g (h\u00e9tf\u0151) &nbsp; &nbsp; &nbsp; 2. Kereszt Dics\u0151s\u00e9ge K\u00f6z\u00f6ss\u00e9g&nbsp;I. (kedd) &nbsp; &nbsp; &nbsp; 3. &#8222;J\u00e1szol&#8221; Szerdai K\u00f6z\u00f6ss\u00e9g &nbsp; &nbsp; 4. Kereszt Dics\u0151s\u00e9ge&nbsp; K\u00f6z\u00f6ss\u00e9g II. (szerda) &nbsp; &nbsp; &nbsp; &nbsp; &nbsp; &nbsp; 5. Szepl\u0151telen Fogantat\u00e1s&nbsp; K\u00f6z\u00f6ss\u00e9g (cs\u00fct\u00f6rt\u00f6k) &nbsp; &nbsp; 6. Szombati K\u00f6z\u00f6ss\u00e9g &nbsp; &nbsp; 7. Angyalos Boldogasszony Ferences Lelkis\u00e9gi Imak\u00f6z\u00f6ss\u00e9g \/ABFH\/ &nbsp;&#8230;&nbsp;(<a href=\"https:\/\/kiskanizsa.plebania.hu\/?page_id=98\">Tov\u00e1bb<\/a>)<\/p>\n","protected":false},"author":1,"featured_media":0,"parent":0,"menu_order":0,"comment_status":"closed","ping_status":"closed","template":"","meta":{"ngg_post_thumbnail":0,"footnotes":""},"class_list":["post-98","page","type-page","status-publish","hentry"],"_links":{"self":[{"href":"https:\/\/kiskanizsa.plebania.hu\/index.php?rest_route=\/wp\/v2\/pages\/98","targetHints":{"allow":["GET"]}}],"collection":[{"href":"https:\/\/kiskanizsa.plebania.hu\/index.php?rest_route=\/wp\/v2\/pages"}],"about":[{"href":"https:\/\/kiskanizsa.plebania.hu\/index.php?rest_route=\/wp\/v2\/types\/page"}],"author":[{"embeddable":true,"href":"https:\/\/kiskanizsa.plebania.hu\/index.php?rest_route=\/wp\/v2\/users\/1"}],"replies":[{"embeddable":true,"href":"https:\/\/kiskanizsa.plebania.hu\/index.php?rest_route=%2Fwp%2Fv2%2Fcomments&post=98"}],"version-history":[{"count":52,"href":"https:\/\/kiskanizsa.plebania.hu\/index.php?rest_route=\/wp\/v2\/pages\/98\/revisions"}],"predecessor-version":[{"id":6028,"href":"https:\/\/kiskanizsa.plebania.hu\/index.php?rest_route=\/wp\/v2\/pages\/98\/revisions\/6028"}],"wp:attachment":[{"href":"https:\/\/kiskanizsa.plebania.hu\/index.php?rest_route=%2Fwp%2Fv2%2Fmedia&parent=98"}],"curies":[{"name":"wp","href":"https:\/\/api.w.org\/{rel}","templated":true}]}}